{"id":324,"date":"2024-10-01T16:52:26","date_gmt":"2024-10-01T16:52:26","guid":{"rendered":"https:\/\/grupovivid.es\/?page_id=324"},"modified":"2025-07-02T10:14:07","modified_gmt":"2025-07-02T08:14:07","slug":"productos","status":"publish","type":"page","link":"https:\/\/deliciouspanorama.com\/en\/productos\/","title":{"rendered":"Products"},"content":{"rendered":"<div data-elementor-type=\"wp-page\" data-elementor-id=\"324\" class=\"elementor elementor-324\" data-elementor-post-type=\"page\">\n\t\t\t\t<div class=\"elementor-element elementor-element-25914a56 e-flex e-con-boxed e-con e-parent\" data-id=\"25914a56\" data-element_type=\"container\" data-settings=\"{&quot;background_background&quot;:&quot;classic&quot;}\">\n\t\t\t\t\t<div class=\"e-con-inner\">\n\t\t<div class=\"elementor-element elementor-element-738bcb44 e-flex e-con-boxed e-con e-child\" data-id=\"738bcb44\" data-element_type=\"container\">\n\t\t\t\t\t<div class=\"e-con-inner\">\n\t\t\t\t<div class=\"elementor-element elementor-element-4c5ca600 elementor-invisible elementor-widget elementor-widget-heading\" data-id=\"4c5ca600\" data-element_type=\"widget\" data-settings=\"{&quot;_animation&quot;:&quot;fadeInDown&quot;}\" data-widget_type=\"heading.default\">\n\t\t\t\t<div class=\"elementor-widget-container\">\n\t\t\t\t\t<h1 class=\"elementor-heading-title elementor-size-default\">Products<\/h1>\t\t\t\t<\/div>\n\t\t\t\t<\/div>\n\t\t\t\t<div class=\"elementor-element elementor-element-34640a90 elementor-align-center elementor-icon-list--layout-inline elementor-list-item-link-full_width elementor-widget elementor-widget-icon-list\" data-id=\"34640a90\" data-element_type=\"widget\" data-widget_type=\"icon-list.default\">\n\t\t\t\t<div class=\"elementor-widget-container\">\n\t\t\t\t\t\t\t<ul class=\"elementor-icon-list-items elementor-inline-items\">\n\t\t\t\t\t\t\t<li class=\"elementor-icon-list-item elementor-inline-item\">\n\t\t\t\t\t\t\t\t\t\t\t<a href=\"https:\/\/deliciouspanorama.com\/en\">\n\n\t\t\t\t\t\t\t\t\t\t\t<span class=\"elementor-icon-list-text\">Home<\/span>\n\t\t\t\t\t\t\t\t\t\t\t<\/a>\n\t\t\t\t\t\t\t\t\t<\/li>\n\t\t\t\t\t\t\t\t<li class=\"elementor-icon-list-item elementor-inline-item\">\n\t\t\t\t\t\t\t\t\t\t\t<a href=\"#\">\n\n\t\t\t\t\t\t\t\t\t\t\t\t<span class=\"elementor-icon-list-icon\">\n\t\t\t\t\t\t\t<i aria-hidden=\"true\" class=\"jki jki-angle-right-solid\"><\/i>\t\t\t\t\t\t<\/span>\n\t\t\t\t\t\t\t\t\t\t<span class=\"elementor-icon-list-text\">Products<\/span>\n\t\t\t\t\t\t\t\t\t\t\t<\/a>\n\t\t\t\t\t\t\t\t\t<\/li>\n\t\t\t\t\t\t<\/ul>\n\t\t\t\t\t\t<\/div>\n\t\t\t\t<\/div>\n\t\t\t\t\t<\/div>\n\t\t\t\t<\/div>\n\t\t\t\t\t<\/div>\n\t\t\t\t<\/div>\n\t\t<div class=\"elementor-element elementor-element-27a79195 e-flex e-con-boxed e-con e-parent\" data-id=\"27a79195\" data-element_type=\"container\">\n\t\t\t\t\t<div class=\"e-con-inner\">\n\t\t<div class=\"elementor-element elementor-element-1174709 e-con-full e-flex e-con e-child\" data-id=\"1174709\" data-element_type=\"container\">\n\t\t\t\t<div class=\"elementor-element elementor-element-3a78fd2 elementor-widget elementor-widget-heading\" data-id=\"3a78fd2\" data-element_type=\"widget\" data-widget_type=\"heading.default\">\n\t\t\t\t<div class=\"elementor-widget-container\">\n\t\t\t\t\t<h2 class=\"elementor-heading-title elementor-size-default\">Selected products for a healthy lifestyle<\/h2>\t\t\t\t<\/div>\n\t\t\t\t<\/div>\n\t\t\t\t<div class=\"elementor-element elementor-element-6b6075b elementor-widget-divider--view-line elementor-widget elementor-widget-divider\" data-id=\"6b6075b\" data-element_type=\"widget\" data-widget_type=\"divider.default\">\n\t\t\t\t<div class=\"elementor-widget-container\">\n\t\t\t\t\t\t\t<div class=\"elementor-divider\">\n\t\t\t<span class=\"elementor-divider-separator\">\n\t\t\t\t\t\t<\/span>\n\t\t<\/div>\n\t\t\t\t\t\t<\/div>\n\t\t\t\t<\/div>\n\t\t\t\t<div class=\"elementor-element elementor-element-315404ab elementor-widget elementor-widget-text-editor\" data-id=\"315404ab\" data-element_type=\"widget\" data-widget_type=\"text-editor.default\">\n\t\t\t\t<div class=\"elementor-widget-container\">\n\t\t\t\t\t\t\t\t\t<p>In <b>Delicious Panorama <\/b>We select and distribute beverages with personality: healthy, sustainable, and with an authentic flavor. We focus on European brands that take care of every detail, from the origin of their ingredients to the packaging design.<br \/>We distribute products in Spain designed for both conscious consumers and businesses looking to differentiate themselves.<\/p>\t\t\t\t\t\t\t\t<\/div>\n\t\t\t\t<\/div>\n\t\t\t\t<\/div>\n\t\t\t\t\t<\/div>\n\t\t\t\t<\/div>\n\t\t<div class=\"elementor-element elementor-element-e125ecc e-flex e-con-boxed e-con e-parent\" data-id=\"e125ecc\" data-element_type=\"container\">\n\t\t\t\t\t<div class=\"e-con-inner\">\n\t\t\t\t<div class=\"elementor-element elementor-element-cd08828 elementor--h-position-center elementor--v-position-middle elementor-arrows-position-inside elementor-pagination-position-inside elementor-widget elementor-widget-slides\" data-id=\"cd08828\" data-element_type=\"widget\" data-settings=\"{&quot;autoplay_speed&quot;:7000,&quot;transition_speed&quot;:700,&quot;navigation&quot;:&quot;both&quot;,&quot;autoplay&quot;:&quot;yes&quot;,&quot;pause_on_hover&quot;:&quot;yes&quot;,&quot;pause_on_interaction&quot;:&quot;yes&quot;,&quot;infinite&quot;:&quot;yes&quot;,&quot;transition&quot;:&quot;slide&quot;}\" data-widget_type=\"slides.default\">\n\t\t\t\t<div class=\"elementor-widget-container\">\n\t\t\t\t\t\t\t\t\t<div class=\"elementor-swiper\">\n\t\t\t\t\t<div class=\"elementor-slides-wrapper elementor-main-swiper swiper\" role=\"region\" aria-roledescription=\"carousel\" aria-label=\"Slides\" dir=\"ltr\" data-animation=\"fadeInUp\">\n\t\t\t\t<div class=\"swiper-wrapper elementor-slides\">\n\t\t\t\t\t\t\t\t\t\t<div class=\"elementor-repeater-item-e18cb79 swiper-slide\" role=\"group\" aria-roledescription=\"slide\"><div class=\"swiper-slide-bg\" role=\"img\"><\/div><div class=\"elementor-background-overlay\"><\/div><div class=\"swiper-slide-inner\" ><div class=\"swiper-slide-contents\"><div class=\"elementor-slide-heading\">Rudy&#039;s Kombucha<\/div><div class=\"elementor-slide-description\">Artisanal, organic kombucha, fermented in Amsterdam. No added sugar, rich in probiotics, and bursting with natural flavor. Available in various flavors and formats.<\/div><a href=\"https:\/\/deliciouspanorama.com\/en\/rudys-kombucha\/\" class=\"elementor-button elementor-slide-button elementor-size-sm\">Discover more<\/a><\/div><\/div><\/div>\t\t\t\t<\/div>\n\t\t\t\t\t\t\t<\/div>\n\t\t\t\t<\/div>\n\t\t\t\t\t\t\t\t<\/div>\n\t\t\t\t<\/div>\n\t\t\t\t\t<\/div>\n\t\t\t\t<\/div>\n\t\t<div class=\"elementor-element elementor-element-af78d23 e-flex e-con-boxed e-con e-parent\" data-id=\"af78d23\" data-element_type=\"container\">\n\t\t\t\t\t<div class=\"e-con-inner\">\n\t\t\t\t<div class=\"elementor-element elementor-element-e39d372 elementor-widget elementor-widget-spacer\" data-id=\"e39d372\" data-element_type=\"widget\" data-widget_type=\"spacer.default\">\n\t\t\t\t<div class=\"elementor-widget-container\">\n\t\t\t\t\t\t\t<div class=\"elementor-spacer\">\n\t\t\t<div class=\"elementor-spacer-inner\"><\/div>\n\t\t<\/div>\n\t\t\t\t\t\t<\/div>\n\t\t\t\t<\/div>\n\t\t\t\t\t<\/div>\n\t\t\t\t<\/div>\n\t\t<div class=\"elementor-element elementor-element-b0c7bfe e-flex e-con-boxed e-con e-parent\" data-id=\"b0c7bfe\" data-element_type=\"container\">\n\t\t\t\t\t<div class=\"e-con-inner\">\n\t\t<div class=\"elementor-element elementor-element-05c0e02 e-con-full e-flex e-con e-child\" data-id=\"05c0e02\" data-element_type=\"container\">\n\t\t\t\t<div class=\"elementor-element elementor-element-25d3c12 elementor-widget elementor-widget-heading\" data-id=\"25d3c12\" data-element_type=\"widget\" data-widget_type=\"heading.default\">\n\t\t\t\t<div class=\"elementor-widget-container\">\n\t\t\t\t\t<h2 class=\"elementor-heading-title elementor-size-default\">Do you want to offer these products in your store, restaurant, or event?<\/h2>\t\t\t\t<\/div>\n\t\t\t\t<\/div>\n\t\t\t\t<div class=\"elementor-element elementor-element-480ef93 elementor-widget-divider--view-line elementor-widget elementor-widget-divider\" data-id=\"480ef93\" data-element_type=\"widget\" data-widget_type=\"divider.default\">\n\t\t\t\t<div class=\"elementor-widget-container\">\n\t\t\t\t\t\t\t<div class=\"elementor-divider\">\n\t\t\t<span class=\"elementor-divider-separator\">\n\t\t\t\t\t\t<\/span>\n\t\t<\/div>\n\t\t\t\t\t\t<\/div>\n\t\t\t\t<\/div>\n\t\t\t\t<div class=\"elementor-element elementor-element-2ae4a47 elementor-widget elementor-widget-heading\" data-id=\"2ae4a47\" data-element_type=\"widget\" data-widget_type=\"heading.default\">\n\t\t\t\t<div class=\"elementor-widget-container\">\n\t\t\t\t\t<h3 class=\"elementor-heading-title elementor-size-default\">Write to us for more information<\/h3>\t\t\t\t<\/div>\n\t\t\t\t<\/div>\n\t\t\t\t<div class=\"elementor-element elementor-element-4b9e30e elementor-button-align-stretch elementor-widget elementor-widget-form\" data-id=\"4b9e30e\" data-element_type=\"widget\" data-settings=\"{&quot;step_next_label&quot;:&quot;Next&quot;,&quot;step_previous_label&quot;:&quot;Previous&quot;,&quot;button_width&quot;:&quot;100&quot;,&quot;step_type&quot;:&quot;number_text&quot;,&quot;step_icon_shape&quot;:&quot;circle&quot;}\" data-widget_type=\"form.default\">\n\t\t\t\t<div class=\"elementor-widget-container\">\n\t\t\t\t\t\t\t<form class=\"elementor-form\" method=\"post\" name=\"Formulario Delicious Panorama\" novalidate=\"\" action=\"\">\n\t\t\t<input type=\"hidden\" name=\"post_id\" value=\"324\"\/>\n\t\t\t<input type=\"hidden\" name=\"form_id\" value=\"4b9e30e\"\/>\n\t\t\t<input type=\"hidden\" name=\"referer_title\" value=\"Nuestros Productos \u2013 Kombucha, Bebidas Funcionales y M\u00e1s\" \/>\n\n\t\t\t\t\t\t\t<input type=\"hidden\" name=\"queried_id\" value=\"324\"\/>\n\t\t\t\n\t\t\t<div class=\"elementor-form-fields-wrapper elementor-labels-\">\n\t\t\t\t\t\t\t\t<div class=\"elementor-field-type-text elementor-field-group elementor-column elementor-field-group-name elementor-col-50 elementor-field-required\">\n\t\t\t\t\t\t\t\t\t\t\t\t<label for=\"form-field-name\" class=\"elementor-field-label elementor-screen-only\">\n\t\t\t\t\t\t\t\tName *\t\t\t\t\t\t\t<\/label>\n\t\t\t\t\t\t\t\t\t\t\t\t\t\t<input size=\"1\" type=\"text\" name=\"form_fields[name]\" id=\"form-field-name\" class=\"elementor-field elementor-size-sm  elementor-field-textual\" placeholder=\"Name *\" required=\"required\">\n\t\t\t\t\t\t\t\t\t\t\t<\/div>\n\t\t\t\t\t\t\t\t<div class=\"elementor-field-type-email elementor-field-group elementor-column elementor-field-group-email elementor-col-50 elementor-field-required\">\n\t\t\t\t\t\t\t\t\t\t\t\t<label for=\"form-field-email\" class=\"elementor-field-label elementor-screen-only\">\n\t\t\t\t\t\t\t\tEmail *\t\t\t\t\t\t\t<\/label>\n\t\t\t\t\t\t\t\t\t\t\t\t\t\t<input size=\"1\" type=\"email\" name=\"form_fields[email]\" id=\"form-field-email\" class=\"elementor-field elementor-size-sm  elementor-field-textual\" placeholder=\"Email *\" required=\"required\">\n\t\t\t\t\t\t\t\t\t\t\t<\/div>\n\t\t\t\t\t\t\t\t<div class=\"elementor-field-type-tel elementor-field-group elementor-column elementor-field-group-field_0a5dc67 elementor-col-50 elementor-field-required\">\n\t\t\t\t\t\t\t\t\t\t\t\t<label for=\"form-field-field_0a5dc67\" class=\"elementor-field-label elementor-screen-only\">\n\t\t\t\t\t\t\t\tPhone\t\t\t\t\t\t\t<\/label>\n\t\t\t\t\t\t\t\t<input size=\"1\" type=\"tel\" name=\"form_fields[field_0a5dc67]\" id=\"form-field-field_0a5dc67\" class=\"elementor-field elementor-size-sm  elementor-field-textual\" placeholder=\"Phone *\" required=\"required\" pattern=\"[0-9()#&amp;+*-=.]+\" title=\"Only numbers and telephone characters are accepted (#, -, *, etc.).\">\n\n\t\t\t\t\t\t<\/div>\n\t\t\t\t\t\t\t\t<div class=\"elementor-field-type-tel elementor-field-group elementor-column elementor-field-group-field_267024b elementor-col-50\">\n\t\t\t\t\t\t\t\t\t\t\t\t<label for=\"form-field-field_267024b\" class=\"elementor-field-label elementor-screen-only\">\n\t\t\t\t\t\t\t\tAffair\t\t\t\t\t\t\t<\/label>\n\t\t\t\t\t\t\t\t<input size=\"1\" type=\"tel\" name=\"form_fields[field_267024b]\" id=\"form-field-field_267024b\" class=\"elementor-field elementor-size-sm  elementor-field-textual\" placeholder=\"Affair\" pattern=\"[0-9()#&amp;+*-=.]+\" title=\"Only numbers and telephone characters are accepted (#, -, *, etc.).\">\n\n\t\t\t\t\t\t<\/div>\n\t\t\t\t\t\t\t\t<div class=\"elementor-field-type-textarea elementor-field-group elementor-column elementor-field-group-message elementor-col-100 elementor-field-required\">\n\t\t\t\t\t\t\t\t\t\t\t\t<label for=\"form-field-message\" class=\"elementor-field-label elementor-screen-only\">\n\t\t\t\t\t\t\t\tMessage *\t\t\t\t\t\t\t<\/label>\n\t\t\t\t\t\t<textarea class=\"elementor-field-textual elementor-field  elementor-size-sm\" name=\"form_fields[message]\" id=\"form-field-message\" rows=\"4\" placeholder=\"Message *\" required=\"required\"><\/textarea>\t\t\t\t<\/div>\n\t\t\t\t\t\t\t\t<div class=\"elementor-field-type-checkbox elementor-field-group elementor-column elementor-field-group-field_825f98c elementor-col-100\">\n\t\t\t\t\t<div class=\"elementor-field-subgroup\"><span class=\"elementor-field-option\"><input type=\"checkbox\" value=\"He le\u00eddo y acepto el &lt;a href=&quot;\/aviso-legal\/&quot;&gt;aviso legal&lt;\/a&gt; y la &lt;a href=&quot;\/politica-de-privacidad\/&quot;&gt;pol\u00edtica de privacidad&lt;\/a&gt;\" id=\"form-field-field_825f98c-0\" name=\"form_fields[field_825f98c]\"> <label for=\"form-field-field_825f98c-0\">I have read and accept the <a href=\"\/en\/aviso-legal\/\">Legal notice<\/a> and the <a href=\"\/en\/politica-de-privacidad\/\">Privacy Policy<\/a><\/label><\/span><\/div>\t\t\t\t<\/div>\n\t\t\t\t\t\t\t\t<div class=\"elementor-field-type-text\">\n\t\t\t\t\t<input size=\"1\" type=\"text\" name=\"form_fields[field_b35be1c]\" id=\"form-field-field_b35be1c\" class=\"elementor-field elementor-size-sm\" style=\"display:none !important;\">\t\t\t\t<\/div>\n\t\t\t\t\t\t\t\t<div class=\"elementor-field-type-recaptcha_v3 elementor-field-group elementor-column elementor-field-group-field_c56c3e2 elementor-col-100 recaptcha_v3-bottomleft\">\n\t\t\t\t\t<div class=\"elementor-field\" id=\"form-field-field_c56c3e2\"><div class=\"elementor-g-recaptcha\" data-sitekey=\"6LefBXcqAAAAAIXfO9bCRDBUfErcwzi3ocdRqYIu\" data-type=\"v3\" data-action=\"Form\" data-badge=\"bottomleft\" data-size=\"invisible\"><\/div><\/div>\t\t\t\t<\/div>\n\t\t\t\t\t\t\t\t<div class=\"elementor-field-group elementor-column elementor-field-type-submit elementor-col-100 e-form__buttons\">\n\t\t\t\t\t<button class=\"elementor-button elementor-size-sm\" type=\"submit\">\n\t\t\t\t\t\t<span class=\"elementor-button-content-wrapper\">\n\t\t\t\t\t\t\t\t\t\t\t\t\t\t\t\t\t\t\t\t\t\t<span class=\"elementor-button-text\">Send<\/span>\n\t\t\t\t\t\t\t\t\t\t\t\t\t<\/span>\n\t\t\t\t\t<\/button>\n\t\t\t\t<\/div>\n\t\t\t<\/div>\n\t\t<input type=\"hidden\" name=\"trp-form-language\" value=\"en\"\/><\/form>\n\t\t\t\t\t\t<\/div>\n\t\t\t\t<\/div>\n\t\t\t\t<\/div>\n\t\t\t\t\t<\/div>\n\t\t\t\t<\/div>\n\t\t\t\t<\/div>","protected":false},"excerpt":{"rendered":"<p>Home \u00a0 Productos seleccionados para un estilo de vida saludable En Delicious Panorama seleccionamos y distribuimos bebidas con personalidad: saludables, sostenibles y con un sabor aut\u00e9ntico. Apostamos por marcas europeas que cuidan cada detalle, desde el origen de sus ingredientes hasta el dise\u00f1o del envase. Distribuimos en Espa\u00f1a productos pensados tanto para consumidores conscientes como [&hellip;]<\/p>","protected":false},"author":1,"featured_media":0,"parent":0,"menu_order":0,"comment_status":"closed","ping_status":"closed","template":"","meta":{"footnotes":""},"class_list":["post-324","page","type-page","status-publish","hentry"],"yoast_head":"<!-- This site is optimized with the Yoast SEO plugin v25.3.1 - https:\/\/yoast.com\/wordpress\/plugins\/seo\/ -->\n<title>Nuestros Productos \u2013 Kombucha, Bebidas Funcionales y M\u00e1s<\/title>\n<meta name=\"description\" content=\"Explora nuestra gama de productos: kombucha natural, hard kombucha, sets de degustaci\u00f3n y m\u00e1s. Distribuimos bebidas saludables de alta calidad en toda Espa\u00f1a.\" \/>\n<meta name=\"robots\" content=\"noindex, follow, max-snippet:-1, max-image-preview:large, max-video-preview:-1\" \/>\n<meta property=\"og:locale\" content=\"en_GB\" \/>\n<meta property=\"og:type\" content=\"article\" \/>\n<meta property=\"og:title\" content=\"Nuestros Productos \u2013 Kombucha, Bebidas Funcionales y M\u00e1s\" \/>\n<meta property=\"og:description\" content=\"Explora nuestra gama de productos: kombucha natural, hard kombucha, sets de degustaci\u00f3n y m\u00e1s. Distribuimos bebidas saludables de alta calidad en toda Espa\u00f1a.\" \/>\n<meta property=\"og:url\" content=\"https:\/\/deliciouspanorama.com\/en\/productos\/\" \/>\n<meta property=\"og:site_name\" content=\"Delicious Panorama\" \/>\n<meta property=\"article:modified_time\" content=\"2025-07-02T08:14:07+00:00\" \/>\n<meta name=\"twitter:card\" content=\"summary_large_image\" \/>\n<meta name=\"twitter:label1\" content=\"Estimated reading time\" \/>\n\t<meta name=\"twitter:data1\" content=\"1 minute\" \/>\n<script type=\"application\/ld+json\" class=\"yoast-schema-graph\">{\"@context\":\"https:\/\/schema.org\",\"@graph\":[{\"@type\":\"WebPage\",\"@id\":\"https:\/\/deliciouspanorama.com\/productos\/\",\"url\":\"https:\/\/deliciouspanorama.com\/productos\/\",\"name\":\"Nuestros Productos \u2013 Kombucha, Bebidas Funcionales y M\u00e1s\",\"isPartOf\":{\"@id\":\"https:\/\/deliciouspanorama.com\/#website\"},\"datePublished\":\"2024-10-01T16:52:26+00:00\",\"dateModified\":\"2025-07-02T08:14:07+00:00\",\"description\":\"Explora nuestra gama de productos: kombucha natural, hard kombucha, sets de degustaci\u00f3n y m\u00e1s. Distribuimos bebidas saludables de alta calidad en toda Espa\u00f1a.\",\"breadcrumb\":{\"@id\":\"https:\/\/deliciouspanorama.com\/productos\/#breadcrumb\"},\"inLanguage\":\"en-GB\",\"potentialAction\":[{\"@type\":\"ReadAction\",\"target\":[\"https:\/\/deliciouspanorama.com\/productos\/\"]}]},{\"@type\":\"BreadcrumbList\",\"@id\":\"https:\/\/deliciouspanorama.com\/productos\/#breadcrumb\",\"itemListElement\":[{\"@type\":\"ListItem\",\"position\":1,\"name\":\"Portada\",\"item\":\"https:\/\/deliciouspanorama.com\/\"},{\"@type\":\"ListItem\",\"position\":2,\"name\":\"Productos\"}]},{\"@type\":\"WebSite\",\"@id\":\"https:\/\/deliciouspanorama.com\/#website\",\"url\":\"https:\/\/deliciouspanorama.com\/\",\"name\":\"Davinder\",\"description\":\"Delicious Panorama\",\"publisher\":{\"@id\":\"https:\/\/deliciouspanorama.com\/#organization\"},\"potentialAction\":[{\"@type\":\"SearchAction\",\"target\":{\"@type\":\"EntryPoint\",\"urlTemplate\":\"https:\/\/deliciouspanorama.com\/?s={search_term_string}\"},\"query-input\":{\"@type\":\"PropertyValueSpecification\",\"valueRequired\":true,\"valueName\":\"search_term_string\"}}],\"inLanguage\":\"en-GB\"},{\"@type\":\"Organization\",\"@id\":\"https:\/\/deliciouspanorama.com\/#organization\",\"name\":\"Davinder\",\"url\":\"https:\/\/deliciouspanorama.com\/\",\"logo\":{\"@type\":\"ImageObject\",\"inLanguage\":\"en-GB\",\"@id\":\"https:\/\/deliciouspanorama.com\/#\/schema\/logo\/image\/\",\"url\":\"https:\/\/deliciouspanorama.com\/wp-content\/uploads\/2025\/07\/cropped-DP-1-1.png\",\"contentUrl\":\"https:\/\/deliciouspanorama.com\/wp-content\/uploads\/2025\/07\/cropped-DP-1-1.png\",\"width\":197,\"height\":197,\"caption\":\"Davinder\"},\"image\":{\"@id\":\"https:\/\/deliciouspanorama.com\/#\/schema\/logo\/image\/\"}}]}<\/script>\n<!-- \/ Yoast SEO plugin. -->","yoast_head_json":{"title":"Nuestros Productos \u2013 Kombucha, Bebidas Funcionales y M\u00e1s","description":"Explora nuestra gama de productos: kombucha natural, hard kombucha, sets de degustaci\u00f3n y m\u00e1s. Distribuimos bebidas saludables de alta calidad en toda Espa\u00f1a.","robots":{"index":"noindex","follow":"follow","max-snippet":"max-snippet:-1","max-image-preview":"max-image-preview:large","max-video-preview":"max-video-preview:-1"},"og_locale":"en_GB","og_type":"article","og_title":"Nuestros Productos \u2013 Kombucha, Bebidas Funcionales y M\u00e1s","og_description":"Explora nuestra gama de productos: kombucha natural, hard kombucha, sets de degustaci\u00f3n y m\u00e1s. Distribuimos bebidas saludables de alta calidad en toda Espa\u00f1a.","og_url":"https:\/\/deliciouspanorama.com\/en\/productos\/","og_site_name":"Delicious Panorama","article_modified_time":"2025-07-02T08:14:07+00:00","twitter_card":"summary_large_image","twitter_misc":{"Estimated reading time":"1 minute"},"schema":{"@context":"https:\/\/schema.org","@graph":[{"@type":"WebPage","@id":"https:\/\/deliciouspanorama.com\/productos\/","url":"https:\/\/deliciouspanorama.com\/productos\/","name":"Nuestros Productos \u2013 Kombucha, Bebidas Funcionales y M\u00e1s","isPartOf":{"@id":"https:\/\/deliciouspanorama.com\/#website"},"datePublished":"2024-10-01T16:52:26+00:00","dateModified":"2025-07-02T08:14:07+00:00","description":"Explora nuestra gama de productos: kombucha natural, hard kombucha, sets de degustaci\u00f3n y m\u00e1s. Distribuimos bebidas saludables de alta calidad en toda Espa\u00f1a.","breadcrumb":{"@id":"https:\/\/deliciouspanorama.com\/productos\/#breadcrumb"},"inLanguage":"en-GB","potentialAction":[{"@type":"ReadAction","target":["https:\/\/deliciouspanorama.com\/productos\/"]}]},{"@type":"BreadcrumbList","@id":"https:\/\/deliciouspanorama.com\/productos\/#breadcrumb","itemListElement":[{"@type":"ListItem","position":1,"name":"Portada","item":"https:\/\/deliciouspanorama.com\/"},{"@type":"ListItem","position":2,"name":"Productos"}]},{"@type":"WebSite","@id":"https:\/\/deliciouspanorama.com\/#website","url":"https:\/\/deliciouspanorama.com\/","name":"Davinder","description":"Delicious Panorama","publisher":{"@id":"https:\/\/deliciouspanorama.com\/#organization"},"potentialAction":[{"@type":"SearchAction","target":{"@type":"EntryPoint","urlTemplate":"https:\/\/deliciouspanorama.com\/?s={search_term_string}"},"query-input":{"@type":"PropertyValueSpecification","valueRequired":true,"valueName":"search_term_string"}}],"inLanguage":"en-GB"},{"@type":"Organization","@id":"https:\/\/deliciouspanorama.com\/#organization","name":"Davinder","url":"https:\/\/deliciouspanorama.com\/","logo":{"@type":"ImageObject","inLanguage":"en-GB","@id":"https:\/\/deliciouspanorama.com\/#\/schema\/logo\/image\/","url":"https:\/\/deliciouspanorama.com\/wp-content\/uploads\/2025\/07\/cropped-DP-1-1.png","contentUrl":"https:\/\/deliciouspanorama.com\/wp-content\/uploads\/2025\/07\/cropped-DP-1-1.png","width":197,"height":197,"caption":"Davinder"},"image":{"@id":"https:\/\/deliciouspanorama.com\/#\/schema\/logo\/image\/"}}]}},"_links":{"self":[{"href":"https:\/\/deliciouspanorama.com\/en\/wp-json\/wp\/v2\/pages\/324","targetHints":{"allow":["GET"]}}],"collection":[{"href":"https:\/\/deliciouspanorama.com\/en\/wp-json\/wp\/v2\/pages"}],"about":[{"href":"https:\/\/deliciouspanorama.com\/en\/wp-json\/wp\/v2\/types\/page"}],"author":[{"embeddable":true,"href":"https:\/\/deliciouspanorama.com\/en\/wp-json\/wp\/v2\/users\/1"}],"replies":[{"embeddable":true,"href":"https:\/\/deliciouspanorama.com\/en\/wp-json\/wp\/v2\/comments?post=324"}],"version-history":[{"count":99,"href":"https:\/\/deliciouspanorama.com\/en\/wp-json\/wp\/v2\/pages\/324\/revisions"}],"predecessor-version":[{"id":1768,"href":"https:\/\/deliciouspanorama.com\/en\/wp-json\/wp\/v2\/pages\/324\/revisions\/1768"}],"wp:attachment":[{"href":"https:\/\/deliciouspanorama.com\/en\/wp-json\/wp\/v2\/media?parent=324"}],"curies":[{"name":"wp","href":"https:\/\/api.w.org\/{rel}","templated":true}]}}