{"id":15,"date":"2024-10-01T11:59:12","date_gmt":"2024-10-01T11:59:12","guid":{"rendered":"https:\/\/grupovivid.es\/declaracion-de-accesibilidad\/"},"modified":"2025-07-08T11:53:13","modified_gmt":"2025-07-08T09:53:13","slug":"declaracion-de-accesibilidad","status":"publish","type":"page","link":"https:\/\/deliciouspanorama.com\/en\/declaracion-de-accesibilidad\/","title":{"rendered":"Accessibility statement"},"content":{"rendered":"<div data-elementor-type=\"wp-page\" data-elementor-id=\"15\" class=\"elementor elementor-15\" data-elementor-post-type=\"page\">\n\t\t\t\t<div class=\"elementor-element elementor-element-13fdff2 e-flex e-con-boxed e-con e-parent\" data-id=\"13fdff2\" data-element_type=\"container\" data-settings=\"{&quot;background_background&quot;:&quot;classic&quot;}\">\n\t\t\t\t\t<div class=\"e-con-inner\">\n\t\t<div class=\"elementor-element elementor-element-6752aa14 e-con-full e-flex e-con e-child\" data-id=\"6752aa14\" data-element_type=\"container\">\n\t\t\t\t<div class=\"elementor-element elementor-element-2950c6d1 elementor-widget__width-inherit elementor-widget elementor-widget-heading\" data-id=\"2950c6d1\" data-element_type=\"widget\" data-widget_type=\"heading.default\">\n\t\t\t\t<div class=\"elementor-widget-container\">\n\t\t\t\t\t<h1 class=\"elementor-heading-title elementor-size-default\">Accessibility statement<\/h1>\t\t\t\t<\/div>\n\t\t\t\t<\/div>\n\t\t\t\t<\/div>\n\t\t\t\t\t<\/div>\n\t\t\t\t<\/div>\n\t\t<div class=\"elementor-element elementor-element-1f398d73 e-flex e-con-boxed e-con e-parent\" data-id=\"1f398d73\" data-element_type=\"container\">\n\t\t\t\t\t<div class=\"e-con-inner\">\n\t\t\t\t<div class=\"elementor-element elementor-element-6baeaae2 elementor-widget elementor-widget-text-editor\" data-id=\"6baeaae2\" data-element_type=\"widget\" data-widget_type=\"text-editor.default\">\n\t\t\t\t<div class=\"elementor-widget-container\">\n\t\t\t\t\t\t\t\t\t<p>Francisco y Juris, with NIF B16383267, is committed to making its website accessible in accordance with Royal Decree 1112\/2018, of September 7, on the accessibility of websites and mobile applications in the public sector. This accessibility statement applies to this website.<\/p><h2>Compliance status<\/h2><p>This website is developed in accordance with RD 1112\/2018<\/p><h3>Preparing for the next accessibility statement<\/h3><p>This statement was prepared on May 20, 2023.<\/p><p>The method used to prepare the declaration was a self-assessment.<\/p><h3>Optional content<\/h3><p>You can make communications about accessibility requirements (article 10.2.a of RD 1112\/2018) such as:<\/p><ul><li>Report any potential breach by this website<\/li><li>Transmit other difficulties in accessing content<\/li><li>Ask any other questions or suggestions for improvement regarding the accessibility of the website through the\u00a0<a href=\"\/en\/contacto\/\">contact form<\/a> from this website or via the phone number: <a href=\"tel:34659738108\">659738108<\/a><\/li><\/ul><p>You can present:<\/p><ul><li>Complaint regarding compliance with the requirements of RD 1112\/2018<\/li><li>Request for accessible information relating to:<ul><li>Contents that are excluded from the scope of application of RD 1112\/2018 as established in article 3, section 4<\/li><li>Content that is exempt from compliance with accessibility requirements to impose a disproportionate burden<\/li><li>In the Request for Accessible Information, the facts, reasons and request must be clearly specified to verify that it is a reasonable and legitimate request.<\/li><\/ul><\/li><\/ul><p>Complaints and claims regarding accessible information will be made through the electronic office (<a href=\"https:\/\/sede.red.gob.es\/procedimientos\/quejas-y-sugerencias\" target=\"_blank\" rel=\"noreferrer noopener\">https:\/\/sede.red.gob.es\/procedimientos\/quejas-y-sugerencias<\/a>), and will be received and processed by the Information Systems area of Red.es.<\/p><h2>Comments and contact information<\/h2><ul><li>If you want to change the font size of the text in the main graphical browsers, use the following menus:<\/li><li>Safari: View &gt; Make Text Larger<\/li><li>Chrome: Control the current page &gt; Text size<\/li><\/ul><p>To resize everything on the page:<\/p><ul><li>Ctrl++ to increase it<\/li><li>Ctrl + \u2013 to decrease it<\/li><li>Ctrl + 0 restores the original text size<\/li><li>If you want to override the style sheet or change the color of the text, you can consult the WAI&#039;s How to Change Text Size or Colors page, which can be read translated into Spanish at How to change text size or colors?<\/li><\/ul>\t\t\t\t\t\t\t\t<\/div>\n\t\t\t\t<\/div>\n\t\t\t\t\t<\/div>\n\t\t\t\t<\/div>\n\t\t\t\t<\/div>","protected":false},"excerpt":{"rendered":"<p>Francisco y Juris con NIF B16383267 se ha comprometido a hacer accesible su sitio web, de conformidad con el Real Decreto 1112\/2018, de 7 de septiembre, sobre accesibilidad de los sitios web y aplicaciones para dispositivos m\u00f3viles del sector p\u00fablico. Esta declaraci\u00f3n de accesibilidad se aplica a esta web. Situaci\u00f3n de cumplimiento Este sitio web [&hellip;]<\/p>","protected":false},"author":1,"featured_media":0,"parent":0,"menu_order":0,"comment_status":"closed","ping_status":"closed","template":"","meta":{"footnotes":""},"class_list":["post-15","page","type-page","status-publish","hentry"],"yoast_head":"<!-- This site is optimized with the Yoast SEO plugin v25.3.1 - https:\/\/yoast.com\/wordpress\/plugins\/seo\/ -->\n<title>Declaraci\u00f3n de accesibilidad - Delicious Panorama<\/title>\n<meta name=\"robots\" content=\"noindex, follow, max-snippet:-1, max-image-preview:large, max-video-preview:-1\" \/>\n<meta property=\"og:locale\" content=\"en_GB\" \/>\n<meta property=\"og:type\" content=\"article\" \/>\n<meta property=\"og:title\" content=\"Declaraci\u00f3n de accesibilidad - Delicious Panorama\" \/>\n<meta property=\"og:description\" content=\"Francisco y Juris con NIF B16383267 se ha comprometido a hacer accesible su sitio web, de conformidad con el Real Decreto 1112\/2018, de 7 de septiembre, sobre accesibilidad de los sitios web y aplicaciones para dispositivos m\u00f3viles del sector p\u00fablico. Esta declaraci\u00f3n de accesibilidad se aplica a esta web. Situaci\u00f3n de cumplimiento Este sitio web [&hellip;]\" \/>\n<meta property=\"og:url\" content=\"https:\/\/deliciouspanorama.com\/en\/declaracion-de-accesibilidad\/\" \/>\n<meta property=\"og:site_name\" content=\"Delicious Panorama\" \/>\n<meta property=\"article:modified_time\" content=\"2025-07-08T09:53:13+00:00\" \/>\n<meta name=\"twitter:card\" content=\"summary_large_image\" \/>\n<script type=\"application\/ld+json\" class=\"yoast-schema-graph\">{\"@context\":\"https:\/\/schema.org\",\"@graph\":[{\"@type\":\"WebPage\",\"@id\":\"https:\/\/deliciouspanorama.com\/declaracion-de-accesibilidad\/\",\"url\":\"https:\/\/deliciouspanorama.com\/declaracion-de-accesibilidad\/\",\"name\":\"Declaraci\u00f3n de accesibilidad - Delicious Panorama\",\"isPartOf\":{\"@id\":\"https:\/\/deliciouspanorama.com\/#website\"},\"datePublished\":\"2024-10-01T11:59:12+00:00\",\"dateModified\":\"2025-07-08T09:53:13+00:00\",\"breadcrumb\":{\"@id\":\"https:\/\/deliciouspanorama.com\/declaracion-de-accesibilidad\/#breadcrumb\"},\"inLanguage\":\"en-GB\",\"potentialAction\":[{\"@type\":\"ReadAction\",\"target\":[\"https:\/\/deliciouspanorama.com\/declaracion-de-accesibilidad\/\"]}]},{\"@type\":\"BreadcrumbList\",\"@id\":\"https:\/\/deliciouspanorama.com\/declaracion-de-accesibilidad\/#breadcrumb\",\"itemListElement\":[{\"@type\":\"ListItem\",\"position\":1,\"name\":\"Portada\",\"item\":\"https:\/\/deliciouspanorama.com\/\"},{\"@type\":\"ListItem\",\"position\":2,\"name\":\"Declaraci\u00f3n de accesibilidad\"}]},{\"@type\":\"WebSite\",\"@id\":\"https:\/\/deliciouspanorama.com\/#website\",\"url\":\"https:\/\/deliciouspanorama.com\/\",\"name\":\"Davinder\",\"description\":\"Delicious Panorama\",\"publisher\":{\"@id\":\"https:\/\/deliciouspanorama.com\/#organization\"},\"potentialAction\":[{\"@type\":\"SearchAction\",\"target\":{\"@type\":\"EntryPoint\",\"urlTemplate\":\"https:\/\/deliciouspanorama.com\/?s={search_term_string}\"},\"query-input\":{\"@type\":\"PropertyValueSpecification\",\"valueRequired\":true,\"valueName\":\"search_term_string\"}}],\"inLanguage\":\"en-GB\"},{\"@type\":\"Organization\",\"@id\":\"https:\/\/deliciouspanorama.com\/#organization\",\"name\":\"Davinder\",\"url\":\"https:\/\/deliciouspanorama.com\/\",\"logo\":{\"@type\":\"ImageObject\",\"inLanguage\":\"en-GB\",\"@id\":\"https:\/\/deliciouspanorama.com\/#\/schema\/logo\/image\/\",\"url\":\"https:\/\/deliciouspanorama.com\/wp-content\/uploads\/2025\/07\/cropped-DP-1-1.png\",\"contentUrl\":\"https:\/\/deliciouspanorama.com\/wp-content\/uploads\/2025\/07\/cropped-DP-1-1.png\",\"width\":197,\"height\":197,\"caption\":\"Davinder\"},\"image\":{\"@id\":\"https:\/\/deliciouspanorama.com\/#\/schema\/logo\/image\/\"}}]}<\/script>\n<!-- \/ Yoast SEO plugin. -->","yoast_head_json":{"title":"Declaraci\u00f3n de accesibilidad - Delicious Panorama","robots":{"index":"noindex","follow":"follow","max-snippet":"max-snippet:-1","max-image-preview":"max-image-preview:large","max-video-preview":"max-video-preview:-1"},"og_locale":"en_GB","og_type":"article","og_title":"Declaraci\u00f3n de accesibilidad - Delicious Panorama","og_description":"Francisco y Juris con NIF B16383267 se ha comprometido a hacer accesible su sitio web, de conformidad con el Real Decreto 1112\/2018, de 7 de septiembre, sobre accesibilidad de los sitios web y aplicaciones para dispositivos m\u00f3viles del sector p\u00fablico. Esta declaraci\u00f3n de accesibilidad se aplica a esta web. Situaci\u00f3n de cumplimiento Este sitio web [&hellip;]","og_url":"https:\/\/deliciouspanorama.com\/en\/declaracion-de-accesibilidad\/","og_site_name":"Delicious Panorama","article_modified_time":"2025-07-08T09:53:13+00:00","twitter_card":"summary_large_image","schema":{"@context":"https:\/\/schema.org","@graph":[{"@type":"WebPage","@id":"https:\/\/deliciouspanorama.com\/declaracion-de-accesibilidad\/","url":"https:\/\/deliciouspanorama.com\/declaracion-de-accesibilidad\/","name":"Declaraci\u00f3n de accesibilidad - Delicious Panorama","isPartOf":{"@id":"https:\/\/deliciouspanorama.com\/#website"},"datePublished":"2024-10-01T11:59:12+00:00","dateModified":"2025-07-08T09:53:13+00:00","breadcrumb":{"@id":"https:\/\/deliciouspanorama.com\/declaracion-de-accesibilidad\/#breadcrumb"},"inLanguage":"en-GB","potentialAction":[{"@type":"ReadAction","target":["https:\/\/deliciouspanorama.com\/declaracion-de-accesibilidad\/"]}]},{"@type":"BreadcrumbList","@id":"https:\/\/deliciouspanorama.com\/declaracion-de-accesibilidad\/#breadcrumb","itemListElement":[{"@type":"ListItem","position":1,"name":"Portada","item":"https:\/\/deliciouspanorama.com\/"},{"@type":"ListItem","position":2,"name":"Declaraci\u00f3n de accesibilidad"}]},{"@type":"WebSite","@id":"https:\/\/deliciouspanorama.com\/#website","url":"https:\/\/deliciouspanorama.com\/","name":"Davinder","description":"Delicious Panorama","publisher":{"@id":"https:\/\/deliciouspanorama.com\/#organization"},"potentialAction":[{"@type":"SearchAction","target":{"@type":"EntryPoint","urlTemplate":"https:\/\/deliciouspanorama.com\/?s={search_term_string}"},"query-input":{"@type":"PropertyValueSpecification","valueRequired":true,"valueName":"search_term_string"}}],"inLanguage":"en-GB"},{"@type":"Organization","@id":"https:\/\/deliciouspanorama.com\/#organization","name":"Davinder","url":"https:\/\/deliciouspanorama.com\/","logo":{"@type":"ImageObject","inLanguage":"en-GB","@id":"https:\/\/deliciouspanorama.com\/#\/schema\/logo\/image\/","url":"https:\/\/deliciouspanorama.com\/wp-content\/uploads\/2025\/07\/cropped-DP-1-1.png","contentUrl":"https:\/\/deliciouspanorama.com\/wp-content\/uploads\/2025\/07\/cropped-DP-1-1.png","width":197,"height":197,"caption":"Davinder"},"image":{"@id":"https:\/\/deliciouspanorama.com\/#\/schema\/logo\/image\/"}}]}},"_links":{"self":[{"href":"https:\/\/deliciouspanorama.com\/en\/wp-json\/wp\/v2\/pages\/15","targetHints":{"allow":["GET"]}}],"collection":[{"href":"https:\/\/deliciouspanorama.com\/en\/wp-json\/wp\/v2\/pages"}],"about":[{"href":"https:\/\/deliciouspanorama.com\/en\/wp-json\/wp\/v2\/types\/page"}],"author":[{"embeddable":true,"href":"https:\/\/deliciouspanorama.com\/en\/wp-json\/wp\/v2\/users\/1"}],"replies":[{"embeddable":true,"href":"https:\/\/deliciouspanorama.com\/en\/wp-json\/wp\/v2\/comments?post=15"}],"version-history":[{"count":25,"href":"https:\/\/deliciouspanorama.com\/en\/wp-json\/wp\/v2\/pages\/15\/revisions"}],"predecessor-version":[{"id":1819,"href":"https:\/\/deliciouspanorama.com\/en\/wp-json\/wp\/v2\/pages\/15\/revisions\/1819"}],"wp:attachment":[{"href":"https:\/\/deliciouspanorama.com\/en\/wp-json\/wp\/v2\/media?parent=15"}],"curies":[{"name":"wp","href":"https:\/\/api.w.org\/{rel}","templated":true}]}}