{"id":383,"date":"2024-10-01T20:31:23","date_gmt":"2024-10-01T20:31:23","guid":{"rendered":"https:\/\/grupovivid.es\/?page_id=383"},"modified":"2025-07-08T10:13:58","modified_gmt":"2025-07-08T08:13:58","slug":"sobre-nosotros","status":"publish","type":"page","link":"https:\/\/deliciouspanorama.com\/ca\/sobre-nosotros\/","title":{"rendered":"Sobre nosaltres"},"content":{"rendered":"<div data-elementor-type=\"wp-page\" data-elementor-id=\"383\" class=\"elementor elementor-383\" data-elementor-post-type=\"page\">\n\t\t\t\t<div class=\"elementor-element elementor-element-f7e36be e-flex e-con-boxed e-con e-parent\" data-id=\"f7e36be\" data-element_type=\"container\" data-settings=\"{&quot;background_background&quot;:&quot;classic&quot;}\">\n\t\t\t\t\t<div class=\"e-con-inner\">\n\t\t<div class=\"elementor-element elementor-element-6dd40689 e-flex e-con-boxed e-con e-child\" data-id=\"6dd40689\" data-element_type=\"container\">\n\t\t\t\t\t<div class=\"e-con-inner\">\n\t\t\t\t<div class=\"elementor-element elementor-element-3b752519 elementor-invisible elementor-widget elementor-widget-heading\" data-id=\"3b752519\" data-element_type=\"widget\" data-settings=\"{&quot;_animation&quot;:&quot;fadeInDown&quot;}\" data-widget_type=\"heading.default\">\n\t\t\t\t<div class=\"elementor-widget-container\">\n\t\t\t\t\t<h1 class=\"elementor-heading-title elementor-size-default\">Sobre nosaltres<\/h1>\t\t\t\t<\/div>\n\t\t\t\t<\/div>\n\t\t\t\t<div class=\"elementor-element elementor-element-5224f04c elementor-align-center elementor-icon-list--layout-inline elementor-list-item-link-full_width elementor-widget elementor-widget-icon-list\" data-id=\"5224f04c\" data-element_type=\"widget\" data-widget_type=\"icon-list.default\">\n\t\t\t\t<div class=\"elementor-widget-container\">\n\t\t\t\t\t\t\t<ul class=\"elementor-icon-list-items elementor-inline-items\">\n\t\t\t\t\t\t\t<li class=\"elementor-icon-list-item elementor-inline-item\">\n\t\t\t\t\t\t\t\t\t\t\t<a href=\"https:\/\/deliciouspanorama.com\/ca\">\n\n\t\t\t\t\t\t\t\t\t\t\t<span class=\"elementor-icon-list-text\">Home<\/span>\n\t\t\t\t\t\t\t\t\t\t\t<\/a>\n\t\t\t\t\t\t\t\t\t<\/li>\n\t\t\t\t\t\t\t\t<li class=\"elementor-icon-list-item elementor-inline-item\">\n\t\t\t\t\t\t\t\t\t\t\t<a href=\"#\">\n\n\t\t\t\t\t\t\t\t\t\t\t\t<span class=\"elementor-icon-list-icon\">\n\t\t\t\t\t\t\t<i aria-hidden=\"true\" class=\"jki jki-angle-right-solid\"><\/i>\t\t\t\t\t\t<\/span>\n\t\t\t\t\t\t\t\t\t\t<span class=\"elementor-icon-list-text\">Sobre nosaltres<\/span>\n\t\t\t\t\t\t\t\t\t\t\t<\/a>\n\t\t\t\t\t\t\t\t\t<\/li>\n\t\t\t\t\t\t<\/ul>\n\t\t\t\t\t\t<\/div>\n\t\t\t\t<\/div>\n\t\t\t\t\t<\/div>\n\t\t\t\t<\/div>\n\t\t\t\t\t<\/div>\n\t\t\t\t<\/div>\n\t\t<div class=\"elementor-element elementor-element-4e6986f2 e-flex e-con-boxed e-con e-parent\" data-id=\"4e6986f2\" data-element_type=\"container\" data-settings=\"{&quot;background_background&quot;:&quot;classic&quot;}\">\n\t\t\t\t\t<div class=\"e-con-inner\">\n\t\t<div class=\"elementor-element elementor-element-6a1718a3 e-con-full e-flex e-con e-child\" data-id=\"6a1718a3\" data-element_type=\"container\">\n\t\t\t\t<div class=\"elementor-element elementor-element-6fd817b4 elementor-widget elementor-widget-heading\" data-id=\"6fd817b4\" data-element_type=\"widget\" data-widget_type=\"heading.default\">\n\t\t\t\t<div class=\"elementor-widget-container\">\n\t\t\t\t\t<h2 class=\"elementor-heading-title elementor-size-default\">Delicious Panorama, la nostra passi\u00f3 pel sabor ens mou<\/h2>\t\t\t\t<\/div>\n\t\t\t\t<\/div>\n\t\t\t\t<div class=\"elementor-element elementor-element-66ef4379 elementor-widget elementor-widget-text-editor\" data-id=\"66ef4379\" data-element_type=\"widget\" data-widget_type=\"text-editor.default\">\n\t\t\t\t<div class=\"elementor-widget-container\">\n\t\t\t\t\t\t\t\t\t<p style=\"text-align: center;\" data-start=\"2019\" data-end=\"2186\"><strong>Delicious<\/strong> <strong>Panorama<\/strong> neix amb la missi\u00f3 d&#039;apropar als consumidors espanyols begudes internacionals que destaquen per la qualitat, l&#039;autenticitat i els processos naturals.<\/p><p style=\"text-align: center;\" data-start=\"2193\" data-end=\"2374\">Especialitzats en la importaci\u00f3 i distribuci\u00f3 de <b>kombutxa <\/b>des de Let\u00f2nia, busquem productes que combinen tradici\u00f3, innovaci\u00f3 i un fort comprom\u00eds amb la sostenibilitat.<\/p><p style=\"text-align: center;\" data-start=\"2381\" data-end=\"2567\">Creiem en la import\u00e0ncia de fomentar h\u00e0bits de consum saludables, donar suport a marques artesanals i crear connexions duradores entre productors europeus i distribu\u00efdors locals a Espanya.<\/p>\t\t\t\t\t\t\t\t<\/div>\n\t\t\t\t<\/div>\n\t\t\t\t<\/div>\n\t\t\t\t\t<\/div>\n\t\t\t\t<\/div>\n\t\t<div class=\"elementor-element elementor-element-1ac73173 e-flex e-con-boxed e-con e-parent\" data-id=\"1ac73173\" data-element_type=\"container\">\n\t\t\t\t\t<div class=\"e-con-inner\">\n\t\t<div class=\"elementor-element elementor-element-1859e811 e-con-full e-flex e-con e-child\" data-id=\"1859e811\" data-element_type=\"container\">\n\t\t\t\t<div class=\"elementor-element elementor-element-742a1c6e elementor-widget elementor-widget-heading\" data-id=\"742a1c6e\" data-element_type=\"widget\" data-widget_type=\"heading.default\">\n\t\t\t\t<div class=\"elementor-widget-container\">\n\t\t\t\t\t<h2 class=\"elementor-heading-title elementor-size-default\">Qualitat garantida a cada entrega<\/h2>\t\t\t\t<\/div>\n\t\t\t\t<\/div>\n\t\t\t\t<div class=\"elementor-element elementor-element-3d05bb9b elementor-widget elementor-widget-text-editor\" data-id=\"3d05bb9b\" data-element_type=\"widget\" data-widget_type=\"text-editor.default\">\n\t\t\t\t<div class=\"elementor-widget-container\">\n\t\t\t\t\t\t\t\t\t<p>Amb anys d&#039;experi\u00e8ncia al sector, a <b>Delicious Panorama <\/b>treballem amb un equip altament qualificat que ent\u00e9n la import\u00e0ncia dels detalls. Ens encarreguem de tot el proc\u00e9s de distribuci\u00f3, assegurant que cada fase de la teva comanda sigui de la millor qualitat i efici\u00e8ncia.<\/p>\t\t\t\t\t\t\t\t<\/div>\n\t\t\t\t<\/div>\n\t\t\t\t<\/div>\n\t\t<div class=\"elementor-element elementor-element-201263e0 e-flex e-con-boxed e-con e-child\" data-id=\"201263e0\" data-element_type=\"container\">\n\t\t\t\t\t<div class=\"e-con-inner\">\n\t\t<div class=\"elementor-element elementor-element-6e07bd53 e-con-full e-flex elementor-invisible e-con e-child\" data-id=\"6e07bd53\" data-element_type=\"container\" data-settings=\"{&quot;background_background&quot;:&quot;classic&quot;,&quot;animation&quot;:&quot;fadeInDown&quot;}\">\n\t\t\t\t<div class=\"elementor-element elementor-element-157b7411 elementor-widget elementor-widget-spacer\" data-id=\"157b7411\" data-element_type=\"widget\" data-widget_type=\"spacer.default\">\n\t\t\t\t<div class=\"elementor-widget-container\">\n\t\t\t\t\t\t\t<div class=\"elementor-spacer\">\n\t\t\t<div class=\"elementor-spacer-inner\"><\/div>\n\t\t<\/div>\n\t\t\t\t\t\t<\/div>\n\t\t\t\t<\/div>\n\t\t\t\t<\/div>\n\t\t\t\t\t<\/div>\n\t\t\t\t<\/div>\n\t\t\t\t\t<\/div>\n\t\t\t\t<\/div>\n\t\t<div class=\"elementor-element elementor-element-216fb7aa e-flex e-con-boxed e-con e-parent\" data-id=\"216fb7aa\" data-element_type=\"container\" data-settings=\"{&quot;background_background&quot;:&quot;classic&quot;}\">\n\t\t\t\t\t<div class=\"e-con-inner\">\n\t\t<div class=\"elementor-element elementor-element-bb872c5 e-flex e-con-boxed e-con e-child\" data-id=\"bb872c5\" data-element_type=\"container\">\n\t\t\t\t\t<div class=\"e-con-inner\">\n\t\t\t\t<div class=\"elementor-element elementor-element-1b7b6814 elementor-widget elementor-widget-heading\" data-id=\"1b7b6814\" data-element_type=\"widget\" data-widget_type=\"heading.default\">\n\t\t\t\t<div class=\"elementor-widget-container\">\n\t\t\t\t\t<h2 class=\"elementor-heading-title elementor-size-default\">Centrats en la innovaci\u00f3 i el comprom\u00eds amb el client<\/h2>\t\t\t\t<\/div>\n\t\t\t\t<\/div>\n\t\t\t\t<div class=\"elementor-element elementor-element-2b440d21 elementor-invisible elementor-widget elementor-widget-text-editor\" data-id=\"2b440d21\" data-element_type=\"widget\" data-settings=\"{&quot;_animation&quot;:&quot;fadeInDown&quot;,&quot;_animation_delay&quot;:200}\" data-widget_type=\"text-editor.default\">\n\t\t\t\t<div class=\"elementor-widget-container\">\n\t\t\t\t\t\t\t\t\t<p>A cadascun dels nostres productes, el nostre principal objectiu \u00e9s la teva satisfacci\u00f3. Oferim assessoria personalitzada des del comen\u00e7ament, escoltant les teves idees i proposant solucions pr\u00e0ctiques i creatives. Amb Delicious Panorama, no nom\u00e9s comercialitzem begudes de Let\u00f2nia a Espanya, creem una connexi\u00f3 entre el venedor i el client.<\/p>\t\t\t\t\t\t\t\t<\/div>\n\t\t\t\t<\/div>\n\t\t\t\t\t<\/div>\n\t\t\t\t<\/div>\n\t\t\t\t\t<\/div>\n\t\t\t\t<\/div>\n\t\t\t\t<\/div>","protected":false},"excerpt":{"rendered":"<p>Home Delicious Panorama, nuestra pasi\u00f3n por el sabor nos mueve Delicious Panorama nace con la misi\u00f3n de acercar a los consumidores espa\u00f1oles bebidas internacionales que destacan por su calidad, autenticidad y procesos naturales. Especializados en la importaci\u00f3n y distribuci\u00f3n de kombucha desde Letonia, buscamos productos que combinan tradici\u00f3n, innovaci\u00f3n y un fuerte compromiso con la [&hellip;]<\/p>","protected":false},"author":1,"featured_media":0,"parent":0,"menu_order":0,"comment_status":"closed","ping_status":"closed","template":"","meta":{"footnotes":""},"class_list":["post-383","page","type-page","status-publish","hentry"],"yoast_head":"<!-- This site is optimized with the Yoast SEO plugin v25.3.1 - https:\/\/yoast.com\/wordpress\/plugins\/seo\/ -->\n<title>Qui\u00e9nes Somos \u2013 Delicious Panorama<\/title>\n<meta name=\"robots\" content=\"noindex, follow, max-snippet:-1, max-image-preview:large, max-video-preview:-1\" \/>\n<meta property=\"og:locale\" content=\"ca_ES\" \/>\n<meta property=\"og:type\" content=\"article\" \/>\n<meta property=\"og:title\" content=\"Qui\u00e9nes Somos \u2013 Delicious Panorama\" \/>\n<meta property=\"og:description\" content=\"Home Delicious Panorama, nuestra pasi\u00f3n por el sabor nos mueve Delicious Panorama nace con la misi\u00f3n de acercar a los consumidores espa\u00f1oles bebidas internacionales que destacan por su calidad, autenticidad y procesos naturales. Especializados en la importaci\u00f3n y distribuci\u00f3n de kombucha desde Letonia, buscamos productos que combinan tradici\u00f3n, innovaci\u00f3n y un fuerte compromiso con la [&hellip;]\" \/>\n<meta property=\"og:url\" content=\"https:\/\/deliciouspanorama.com\/ca\/sobre-nosotros\/\" \/>\n<meta property=\"og:site_name\" content=\"Delicious Panorama\" \/>\n<meta property=\"article:modified_time\" content=\"2025-07-08T08:13:58+00:00\" \/>\n<meta name=\"twitter:card\" content=\"summary_large_image\" \/>\n<meta name=\"twitter:label1\" content=\"Temps estimat de lectura\" \/>\n\t<meta name=\"twitter:data1\" content=\"1 minut\" \/>\n<script type=\"application\/ld+json\" class=\"yoast-schema-graph\">{\"@context\":\"https:\/\/schema.org\",\"@graph\":[{\"@type\":\"WebPage\",\"@id\":\"https:\/\/deliciouspanorama.com\/sobre-nosotros\/\",\"url\":\"https:\/\/deliciouspanorama.com\/sobre-nosotros\/\",\"name\":\"Qui\u00e9nes Somos \u2013 Delicious Panorama\",\"isPartOf\":{\"@id\":\"https:\/\/deliciouspanorama.com\/#website\"},\"datePublished\":\"2024-10-01T20:31:23+00:00\",\"dateModified\":\"2025-07-08T08:13:58+00:00\",\"breadcrumb\":{\"@id\":\"https:\/\/deliciouspanorama.com\/sobre-nosotros\/#breadcrumb\"},\"inLanguage\":\"ca\",\"potentialAction\":[{\"@type\":\"ReadAction\",\"target\":[\"https:\/\/deliciouspanorama.com\/sobre-nosotros\/\"]}]},{\"@type\":\"BreadcrumbList\",\"@id\":\"https:\/\/deliciouspanorama.com\/sobre-nosotros\/#breadcrumb\",\"itemListElement\":[{\"@type\":\"ListItem\",\"position\":1,\"name\":\"Portada\",\"item\":\"https:\/\/deliciouspanorama.com\/\"},{\"@type\":\"ListItem\",\"position\":2,\"name\":\"Sobre nosotros\"}]},{\"@type\":\"WebSite\",\"@id\":\"https:\/\/deliciouspanorama.com\/#website\",\"url\":\"https:\/\/deliciouspanorama.com\/\",\"name\":\"Davinder\",\"description\":\"Delicious Panorama\",\"publisher\":{\"@id\":\"https:\/\/deliciouspanorama.com\/#organization\"},\"potentialAction\":[{\"@type\":\"SearchAction\",\"target\":{\"@type\":\"EntryPoint\",\"urlTemplate\":\"https:\/\/deliciouspanorama.com\/?s={search_term_string}\"},\"query-input\":{\"@type\":\"PropertyValueSpecification\",\"valueRequired\":true,\"valueName\":\"search_term_string\"}}],\"inLanguage\":\"ca\"},{\"@type\":\"Organization\",\"@id\":\"https:\/\/deliciouspanorama.com\/#organization\",\"name\":\"Davinder\",\"url\":\"https:\/\/deliciouspanorama.com\/\",\"logo\":{\"@type\":\"ImageObject\",\"inLanguage\":\"ca\",\"@id\":\"https:\/\/deliciouspanorama.com\/#\/schema\/logo\/image\/\",\"url\":\"https:\/\/deliciouspanorama.com\/wp-content\/uploads\/2025\/07\/cropped-DP-1-1.png\",\"contentUrl\":\"https:\/\/deliciouspanorama.com\/wp-content\/uploads\/2025\/07\/cropped-DP-1-1.png\",\"width\":197,\"height\":197,\"caption\":\"Davinder\"},\"image\":{\"@id\":\"https:\/\/deliciouspanorama.com\/#\/schema\/logo\/image\/\"}}]}<\/script>\n<!-- \/ Yoast SEO plugin. -->","yoast_head_json":{"title":"Qui\u00e9nes Somos \u2013 Delicious Panorama","robots":{"index":"noindex","follow":"follow","max-snippet":"max-snippet:-1","max-image-preview":"max-image-preview:large","max-video-preview":"max-video-preview:-1"},"og_locale":"ca_ES","og_type":"article","og_title":"Qui\u00e9nes Somos \u2013 Delicious Panorama","og_description":"Home Delicious Panorama, nuestra pasi\u00f3n por el sabor nos mueve Delicious Panorama nace con la misi\u00f3n de acercar a los consumidores espa\u00f1oles bebidas internacionales que destacan por su calidad, autenticidad y procesos naturales. Especializados en la importaci\u00f3n y distribuci\u00f3n de kombucha desde Letonia, buscamos productos que combinan tradici\u00f3n, innovaci\u00f3n y un fuerte compromiso con la [&hellip;]","og_url":"https:\/\/deliciouspanorama.com\/ca\/sobre-nosotros\/","og_site_name":"Delicious Panorama","article_modified_time":"2025-07-08T08:13:58+00:00","twitter_card":"summary_large_image","twitter_misc":{"Temps estimat de lectura":"1 minut"},"schema":{"@context":"https:\/\/schema.org","@graph":[{"@type":"WebPage","@id":"https:\/\/deliciouspanorama.com\/sobre-nosotros\/","url":"https:\/\/deliciouspanorama.com\/sobre-nosotros\/","name":"Qui\u00e9nes Somos \u2013 Delicious Panorama","isPartOf":{"@id":"https:\/\/deliciouspanorama.com\/#website"},"datePublished":"2024-10-01T20:31:23+00:00","dateModified":"2025-07-08T08:13:58+00:00","breadcrumb":{"@id":"https:\/\/deliciouspanorama.com\/sobre-nosotros\/#breadcrumb"},"inLanguage":"ca","potentialAction":[{"@type":"ReadAction","target":["https:\/\/deliciouspanorama.com\/sobre-nosotros\/"]}]},{"@type":"BreadcrumbList","@id":"https:\/\/deliciouspanorama.com\/sobre-nosotros\/#breadcrumb","itemListElement":[{"@type":"ListItem","position":1,"name":"Portada","item":"https:\/\/deliciouspanorama.com\/"},{"@type":"ListItem","position":2,"name":"Sobre nosotros"}]},{"@type":"WebSite","@id":"https:\/\/deliciouspanorama.com\/#website","url":"https:\/\/deliciouspanorama.com\/","name":"Davinder","description":"Delicious Panorama","publisher":{"@id":"https:\/\/deliciouspanorama.com\/#organization"},"potentialAction":[{"@type":"SearchAction","target":{"@type":"EntryPoint","urlTemplate":"https:\/\/deliciouspanorama.com\/?s={search_term_string}"},"query-input":{"@type":"PropertyValueSpecification","valueRequired":true,"valueName":"search_term_string"}}],"inLanguage":"ca"},{"@type":"Organization","@id":"https:\/\/deliciouspanorama.com\/#organization","name":"Davinder","url":"https:\/\/deliciouspanorama.com\/","logo":{"@type":"ImageObject","inLanguage":"ca","@id":"https:\/\/deliciouspanorama.com\/#\/schema\/logo\/image\/","url":"https:\/\/deliciouspanorama.com\/wp-content\/uploads\/2025\/07\/cropped-DP-1-1.png","contentUrl":"https:\/\/deliciouspanorama.com\/wp-content\/uploads\/2025\/07\/cropped-DP-1-1.png","width":197,"height":197,"caption":"Davinder"},"image":{"@id":"https:\/\/deliciouspanorama.com\/#\/schema\/logo\/image\/"}}]}},"_links":{"self":[{"href":"https:\/\/deliciouspanorama.com\/ca\/wp-json\/wp\/v2\/pages\/383","targetHints":{"allow":["GET"]}}],"collection":[{"href":"https:\/\/deliciouspanorama.com\/ca\/wp-json\/wp\/v2\/pages"}],"about":[{"href":"https:\/\/deliciouspanorama.com\/ca\/wp-json\/wp\/v2\/types\/page"}],"author":[{"embeddable":true,"href":"https:\/\/deliciouspanorama.com\/ca\/wp-json\/wp\/v2\/users\/1"}],"replies":[{"embeddable":true,"href":"https:\/\/deliciouspanorama.com\/ca\/wp-json\/wp\/v2\/comments?post=383"}],"version-history":[{"count":107,"href":"https:\/\/deliciouspanorama.com\/ca\/wp-json\/wp\/v2\/pages\/383\/revisions"}],"predecessor-version":[{"id":1797,"href":"https:\/\/deliciouspanorama.com\/ca\/wp-json\/wp\/v2\/pages\/383\/revisions\/1797"}],"wp:attachment":[{"href":"https:\/\/deliciouspanorama.com\/ca\/wp-json\/wp\/v2\/media?parent=383"}],"curies":[{"name":"wp","href":"https:\/\/api.w.org\/{rel}","templated":true}]}}