{"id":24,"date":"2024-10-01T11:59:12","date_gmt":"2024-10-01T11:59:12","guid":{"rendered":"https:\/\/grupovivid.es\/aviso-legal\/"},"modified":"2025-07-08T11:52:36","modified_gmt":"2025-07-08T09:52:36","slug":"aviso-legal","status":"publish","type":"page","link":"https:\/\/deliciouspanorama.com\/ca\/aviso-legal\/","title":{"rendered":"Av\u00eds legal"},"content":{"rendered":"<div data-elementor-type=\"wp-page\" data-elementor-id=\"24\" class=\"elementor elementor-24\" data-elementor-post-type=\"page\">\n\t\t\t\t<div class=\"elementor-element elementor-element-473cc282 e-flex e-con-boxed e-con e-parent\" data-id=\"473cc282\" data-element_type=\"container\" data-settings=\"{&quot;background_background&quot;:&quot;classic&quot;}\">\n\t\t\t\t\t<div class=\"e-con-inner\">\n\t\t<div class=\"elementor-element elementor-element-1c95e500 e-con-full e-flex e-con e-child\" data-id=\"1c95e500\" data-element_type=\"container\">\n\t\t\t\t<div class=\"elementor-element elementor-element-3cc827f2 elementor-widget__width-inherit elementor-widget elementor-widget-heading\" data-id=\"3cc827f2\" data-element_type=\"widget\" data-widget_type=\"heading.default\">\n\t\t\t\t<div class=\"elementor-widget-container\">\n\t\t\t\t\t<h1 class=\"elementor-heading-title elementor-size-default\">Av\u00eds legal<\/h1>\t\t\t\t<\/div>\n\t\t\t\t<\/div>\n\t\t\t\t<\/div>\n\t\t\t\t\t<\/div>\n\t\t\t\t<\/div>\n\t\t<div class=\"elementor-element elementor-element-6346ee8 e-flex e-con-boxed e-con e-parent\" data-id=\"6346ee8\" data-element_type=\"container\">\n\t\t\t\t\t<div class=\"e-con-inner\">\n\t\t\t\t<div class=\"elementor-element elementor-element-3a18116f elementor-widget elementor-widget-text-editor\" data-id=\"3a18116f\" data-element_type=\"widget\" data-widget_type=\"text-editor.default\">\n\t\t\t\t<div class=\"elementor-widget-container\">\n\t\t\t\t\t\t\t\t\t<p>Responsable del tractament de les dades<\/p><p>En compliment del deure informaci\u00f3 que estableix la Llei La 34\/2002, d&#039;11 de juliol, de Serveis de la Societat de la Informaci\u00f3 i del Comer\u00e7 Electr\u00f2nic, us comuniquem que aquesta web \u00e9s titularitat de:<\/p><ul><li><b>Empresa: <\/b>DELICIOUS PANORAMA SL<\/li><li><b>Nom:<\/b> Amb NIF B16383267<\/li><li><strong>Mail:<\/strong> <a href=\"mailto:deliciouspanorama@gmail.com\">deliciouspanorama@gmail.com<\/a><\/li><\/ul><h2>Objecte<\/h2><p>El Responsable posa a disposici\u00f3 dels usuaris aquest document amb el qual pret\u00e9n donar compliment del que disposa la normativa vigent en mat\u00e8ria de protecci\u00f3 de dades, i en el context del nou marc normatiu establert en virtut del que disposa el Reglament (UE ) 2016\/679 del Parlament Europeu i del Consell, de 27 d&#039;abril de 2016, quant a dades de la protecci\u00f3 de dades dades (d&#039;ara endavant, el \u201cRGPD\u201d), i la normativa nacional en mat\u00e8ria de protecci\u00f3 de dades de car\u00e0cter personal, aix\u00ed com informar tots els usuaris del lloc web respecte a quines en s\u00f3n les condicions d&#039;\u00fas. Tota persona que accedeixi a aquest lloc web assumeix el paper d&#039;usuari, comprometent-se a l&#039;observan\u00e7a i el compliment rigor\u00f3s de les disposicions aqu\u00ed disposades, aix\u00ed com a qualsevol altra disposici\u00f3 legal que sigui aplicable. El Responsable es reserva el dret a modificar qualsevol tipus d&#039;informaci\u00f3 que pogu\u00e9s apar\u00e8ixer al lloc web, sense que hi hagi obligaci\u00f3 de preavisar o posar en coneixement dels usuaris aquestes obligacions, entenent-se com a suficient amb la publicaci\u00f3 al lloc web del Responsable.<\/p><h2>Responsabilitat<\/h2><p>El Responsable s&#039;eximeix de qualsevol tipus de responsabilitat derivada de la informaci\u00f3 publicada al vostre lloc web, sempre que aquesta informaci\u00f3 hagi estat manipulada o introdu\u00efda per un tercer ali\u00e8 al mateix.<\/p><h2>Adreces IP<\/h2><p>Els servidors del lloc web podran detectar autom\u00e0ticament ladre\u00e7a IP i el nom de domini utilitzats per lusuari. Una adre\u00e7a IP \u00e9s un n\u00famero assignat autom\u00e0ticament a un ordinador quan aquest es connecta a Internet. Tota aquesta informaci\u00f3 est\u00e0 registrada a un fitxer d&#039;activitat del servidor, degudament inscrit, que permet el processament posterior de les dades per obtenir mesures \u00fanicament estad\u00edstiques que permetin con\u00e8ixer el nombre d&#039;impressions de p\u00e0gines, el nombre de visites realitzades als servidors web, ordre de visites, punt d&#039;acc\u00e9s, etc.<\/p><h2>Pol\u00edtica d&#039;enlla\u00e7os<\/h2><p>Des del present lloc web \u00e9s possible que es redirigeixi a continguts de tercers llocs web. At\u00e8s que El Responsable no pot controlar sempre els continguts introdu\u00efts pels tercers als seus llocs web, aquest no assumeix cap mena de responsabilitat respecte a aquests continguts. En tot cas, El Responsable manifesta que procedir\u00e0 a la retirada immediata de qualsevol contingut que pogu\u00e9s contravenir la legislaci\u00f3 nacional o internacional, la moral o l&#039;ordre p\u00fablic, procedint a la retirada immediata de la redirecci\u00f3 a aquest lloc web, posant en coneixement de les autoritats competents el contingut en q\u00fcesti\u00f3. El Responsable no es fa responsable de la informaci\u00f3 i continguts emmagatzemats, a t\u00edtol enunciatiu per\u00f2 no limitatiu, en f\u00f2rums, xats, generadors de blocs, comentaris, xarxes socials o qualsevol altre mitj\u00e0 que permeti a tercers publicar continguts de forma independent a la p\u00e0gina web del Responsable. No obstant aix\u00f2 i en compliment del que disposa l&#039;art. 11 i 16 de la LSSICE, El Responsable es posa a disposici\u00f3 de tots els usuaris, autoritats i forces de seguretat, col\u00b7laborant de forma activa en la retirada o si \u00e9s el cas bloqueig de tots aquells continguts que poguessin afectar o contravenir la legislaci\u00f3 nacional, o internacional, drets de tercers o la moral i l&#039;ordre p\u00fablic. En cas que l&#039;usuari consideri que hi ha al lloc web algun contingut que pogu\u00e9s ser susceptible d&#039;aquesta classificaci\u00f3, aquest lloc web ha estat revisat i provat perqu\u00e8 funcioni correctament. En principi, es pot garantir el funcionament correcte els 365 dies de l&#039;any, 24 hores al dia. Tot i aix\u00f2, El Responsable no descarta la possibilitat que hi hagi certs errors de programaci\u00f3, o que es converteixin en causes de for\u00e7a major, cat\u00e0strofes naturals, vagues, o circumst\u00e0ncies similars que facin impossible l&#039;acc\u00e9s a la p\u00e0gina web.<\/p><h2>Protecci\u00f3 de dades<\/h2><p>El Responsable es troba profundament comprom\u00e8s en el compliment del que disposa la normativa vigent en mat\u00e8ria de protecci\u00f3 de dades, i en el context del nou marc normatiu establert en virtut del que disposa el Reglament (UE) 2016\/679 del Parlament Europeu i del Consell , de 27 d&#039;abril de 2016, relatiu a la protecci\u00f3 de les persones f\u00edsiques pel que fa a la protecci\u00f3 de les persones f\u00edsiques RGPD), i la normativa nacional en mat\u00e8ria de protecci\u00f3 de dades de car\u00e0cter personal. Aix\u00ed mateix, El Responsable informa que d\u00f3na compliment a la Llei 34\/2002 d&#039;11 de juliol, de Serveis de la Societat de la Informaci\u00f3 i el Comer\u00e7 Electr\u00f2nic i us sol\u00b7licitar\u00e0 el consentiment al tractament de les vostres dades amb fins comercials en cada moment.<\/p><h2>Propietat intel\u00b7lectual i industrial<\/h2><p>El lloc web, incloent a t\u00edtol enunciatiu per\u00f2 no limitatiu la seva programaci\u00f3, edici\u00f3, compilaci\u00f3 i altres elements necessaris per al seu funcionament, els dissenys, logotips, text i\/o gr\u00e0fics s\u00f3n propietat del Responsable o si escau disposa de llic\u00e8ncia o autoritzaci\u00f3 expressa per part dels autors Tots els continguts del lloc web estan degudament protegits per la normativa de propietat intel\u00b7lectual total o parcial, \u00fas, explotaci\u00f3, distribuci\u00f3 i comercialitzaci\u00f3 requereix en tot cas l&#039;autoritzaci\u00f3 escrita pr\u00e8via per part del Responsable. Qualsevol \u00fas no autoritzat pr\u00e8viament pel responsable ser\u00e0 considerat un incompliment greu dels drets de propietat intel\u00b7lectual o industrial de l&#039;autor. controv\u00e8rsia que pogu\u00e9s suscitar-se respecte d&#039;aquests. En tot cas, El Responsable compta amb l&#039;autoritzaci\u00f3 expressa i pr\u00e8via per part dels mateixos. menci\u00f3 o aparici\u00f3 al lloc web l&#039;exist\u00e8ncia de drets o responsabilitat del Responsable sobre aquests, com tampoc suport, patrocini o recomanaci\u00f3 pel seu part. Per a totes aquelles imatges en qu\u00e8 el programari de disseny ho permet, s&#039;han incl\u00f2s les refer\u00e8ncies corresponents a l&#039;autoria i la llic\u00e8ncia corresponent a trav\u00e9s del correu electr\u00f2nic seg\u00fcent: <a href=\"mailto:deliciouspanorama@gmail.com\">deliciouspanorama@gmail.com<\/a><\/p>\t\t\t\t\t\t\t\t<\/div>\n\t\t\t\t<\/div>\n\t\t\t\t\t<\/div>\n\t\t\t\t<\/div>\n\t\t\t\t<\/div>","protected":false},"excerpt":{"rendered":"<p>Responsable del tractament de les dades En compliment del deure informaci\u00f3 que estableix la Llei La 34\/2002, d&#039;11 de juliol, de Serveis de la Societat de la Informaci\u00f3 i del Comer\u00e7 Electr\u00f2nic, us comuniquem que aquesta web \u00e9s titularitat de: Empresa: DELICIOUS PANORAMA SL Nom: Amb NIF B16383267 Mail: delicious.<\/p>","protected":false},"author":1,"featured_media":0,"parent":0,"menu_order":0,"comment_status":"closed","ping_status":"closed","template":"","meta":{"footnotes":""},"class_list":["post-24","page","type-page","status-publish","hentry"],"yoast_head":"<!-- This site is optimized with the Yoast SEO plugin v25.3.1 - https:\/\/yoast.com\/wordpress\/plugins\/seo\/ -->\n<title>Aviso legal - Delicious Panorama<\/title>\n<meta name=\"robots\" content=\"noindex, follow, max-snippet:-1, max-image-preview:large, max-video-preview:-1\" \/>\n<meta property=\"og:locale\" content=\"ca_ES\" \/>\n<meta property=\"og:type\" content=\"article\" \/>\n<meta property=\"og:title\" content=\"Aviso legal - Delicious Panorama\" \/>\n<meta property=\"og:description\" content=\"Responsable del tratamiento de los datos En cumplimiento del deber de informaci\u00f3n que establece la Ley La 34\/2002, de 11 de julio, de Servicios de la Sociedad de la Informaci\u00f3n y del Comercio Electr\u00f3nico, le comunicamos que esta web es titularidad de: Empresa: DELICIOUS PANORAMA SL Nombre: Con NIF B16383267 Mail: deliciouspanorama@gmail.com Objeto El Responsable [&hellip;]\" \/>\n<meta property=\"og:url\" content=\"https:\/\/deliciouspanorama.com\/ca\/aviso-legal\/\" \/>\n<meta property=\"og:site_name\" content=\"Delicious Panorama\" \/>\n<meta property=\"article:modified_time\" content=\"2025-07-08T09:52:36+00:00\" \/>\n<meta name=\"twitter:card\" content=\"summary_large_image\" \/>\n<meta name=\"twitter:label1\" content=\"Temps estimat de lectura\" \/>\n\t<meta name=\"twitter:data1\" content=\"6 minuts\" \/>\n<script type=\"application\/ld+json\" class=\"yoast-schema-graph\">{\"@context\":\"https:\/\/schema.org\",\"@graph\":[{\"@type\":\"WebPage\",\"@id\":\"https:\/\/deliciouspanorama.com\/aviso-legal\/\",\"url\":\"https:\/\/deliciouspanorama.com\/aviso-legal\/\",\"name\":\"Aviso legal - Delicious Panorama\",\"isPartOf\":{\"@id\":\"https:\/\/deliciouspanorama.com\/#website\"},\"datePublished\":\"2024-10-01T11:59:12+00:00\",\"dateModified\":\"2025-07-08T09:52:36+00:00\",\"breadcrumb\":{\"@id\":\"https:\/\/deliciouspanorama.com\/aviso-legal\/#breadcrumb\"},\"inLanguage\":\"ca\",\"potentialAction\":[{\"@type\":\"ReadAction\",\"target\":[\"https:\/\/deliciouspanorama.com\/aviso-legal\/\"]}]},{\"@type\":\"BreadcrumbList\",\"@id\":\"https:\/\/deliciouspanorama.com\/aviso-legal\/#breadcrumb\",\"itemListElement\":[{\"@type\":\"ListItem\",\"position\":1,\"name\":\"Portada\",\"item\":\"https:\/\/deliciouspanorama.com\/\"},{\"@type\":\"ListItem\",\"position\":2,\"name\":\"Aviso legal\"}]},{\"@type\":\"WebSite\",\"@id\":\"https:\/\/deliciouspanorama.com\/#website\",\"url\":\"https:\/\/deliciouspanorama.com\/\",\"name\":\"Davinder\",\"description\":\"Delicious Panorama\",\"publisher\":{\"@id\":\"https:\/\/deliciouspanorama.com\/#organization\"},\"potentialAction\":[{\"@type\":\"SearchAction\",\"target\":{\"@type\":\"EntryPoint\",\"urlTemplate\":\"https:\/\/deliciouspanorama.com\/?s={search_term_string}\"},\"query-input\":{\"@type\":\"PropertyValueSpecification\",\"valueRequired\":true,\"valueName\":\"search_term_string\"}}],\"inLanguage\":\"ca\"},{\"@type\":\"Organization\",\"@id\":\"https:\/\/deliciouspanorama.com\/#organization\",\"name\":\"Davinder\",\"url\":\"https:\/\/deliciouspanorama.com\/\",\"logo\":{\"@type\":\"ImageObject\",\"inLanguage\":\"ca\",\"@id\":\"https:\/\/deliciouspanorama.com\/#\/schema\/logo\/image\/\",\"url\":\"https:\/\/deliciouspanorama.com\/wp-content\/uploads\/2025\/07\/cropped-DP-1-1.png\",\"contentUrl\":\"https:\/\/deliciouspanorama.com\/wp-content\/uploads\/2025\/07\/cropped-DP-1-1.png\",\"width\":197,\"height\":197,\"caption\":\"Davinder\"},\"image\":{\"@id\":\"https:\/\/deliciouspanorama.com\/#\/schema\/logo\/image\/\"}}]}<\/script>\n<!-- \/ Yoast SEO plugin. -->","yoast_head_json":{"title":"Aviso legal - Delicious Panorama","robots":{"index":"noindex","follow":"follow","max-snippet":"max-snippet:-1","max-image-preview":"max-image-preview:large","max-video-preview":"max-video-preview:-1"},"og_locale":"ca_ES","og_type":"article","og_title":"Aviso legal - Delicious Panorama","og_description":"Responsable del tratamiento de los datos En cumplimiento del deber de informaci\u00f3n que establece la Ley La 34\/2002, de 11 de julio, de Servicios de la Sociedad de la Informaci\u00f3n y del Comercio Electr\u00f3nico, le comunicamos que esta web es titularidad de: Empresa: DELICIOUS PANORAMA SL Nombre: Con NIF B16383267 Mail: deliciouspanorama@gmail.com Objeto El Responsable [&hellip;]","og_url":"https:\/\/deliciouspanorama.com\/ca\/aviso-legal\/","og_site_name":"Delicious Panorama","article_modified_time":"2025-07-08T09:52:36+00:00","twitter_card":"summary_large_image","twitter_misc":{"Temps estimat de lectura":"6 minuts"},"schema":{"@context":"https:\/\/schema.org","@graph":[{"@type":"WebPage","@id":"https:\/\/deliciouspanorama.com\/aviso-legal\/","url":"https:\/\/deliciouspanorama.com\/aviso-legal\/","name":"Aviso legal - Delicious Panorama","isPartOf":{"@id":"https:\/\/deliciouspanorama.com\/#website"},"datePublished":"2024-10-01T11:59:12+00:00","dateModified":"2025-07-08T09:52:36+00:00","breadcrumb":{"@id":"https:\/\/deliciouspanorama.com\/aviso-legal\/#breadcrumb"},"inLanguage":"ca","potentialAction":[{"@type":"ReadAction","target":["https:\/\/deliciouspanorama.com\/aviso-legal\/"]}]},{"@type":"BreadcrumbList","@id":"https:\/\/deliciouspanorama.com\/aviso-legal\/#breadcrumb","itemListElement":[{"@type":"ListItem","position":1,"name":"Portada","item":"https:\/\/deliciouspanorama.com\/"},{"@type":"ListItem","position":2,"name":"Aviso legal"}]},{"@type":"WebSite","@id":"https:\/\/deliciouspanorama.com\/#website","url":"https:\/\/deliciouspanorama.com\/","name":"Davinder","description":"Delicious Panorama","publisher":{"@id":"https:\/\/deliciouspanorama.com\/#organization"},"potentialAction":[{"@type":"SearchAction","target":{"@type":"EntryPoint","urlTemplate":"https:\/\/deliciouspanorama.com\/?s={search_term_string}"},"query-input":{"@type":"PropertyValueSpecification","valueRequired":true,"valueName":"search_term_string"}}],"inLanguage":"ca"},{"@type":"Organization","@id":"https:\/\/deliciouspanorama.com\/#organization","name":"Davinder","url":"https:\/\/deliciouspanorama.com\/","logo":{"@type":"ImageObject","inLanguage":"ca","@id":"https:\/\/deliciouspanorama.com\/#\/schema\/logo\/image\/","url":"https:\/\/deliciouspanorama.com\/wp-content\/uploads\/2025\/07\/cropped-DP-1-1.png","contentUrl":"https:\/\/deliciouspanorama.com\/wp-content\/uploads\/2025\/07\/cropped-DP-1-1.png","width":197,"height":197,"caption":"Davinder"},"image":{"@id":"https:\/\/deliciouspanorama.com\/#\/schema\/logo\/image\/"}}]}},"_links":{"self":[{"href":"https:\/\/deliciouspanorama.com\/ca\/wp-json\/wp\/v2\/pages\/24","targetHints":{"allow":["GET"]}}],"collection":[{"href":"https:\/\/deliciouspanorama.com\/ca\/wp-json\/wp\/v2\/pages"}],"about":[{"href":"https:\/\/deliciouspanorama.com\/ca\/wp-json\/wp\/v2\/types\/page"}],"author":[{"embeddable":true,"href":"https:\/\/deliciouspanorama.com\/ca\/wp-json\/wp\/v2\/users\/1"}],"replies":[{"embeddable":true,"href":"https:\/\/deliciouspanorama.com\/ca\/wp-json\/wp\/v2\/comments?post=24"}],"version-history":[{"count":34,"href":"https:\/\/deliciouspanorama.com\/ca\/wp-json\/wp\/v2\/pages\/24\/revisions"}],"predecessor-version":[{"id":1810,"href":"https:\/\/deliciouspanorama.com\/ca\/wp-json\/wp\/v2\/pages\/24\/revisions\/1810"}],"wp:attachment":[{"href":"https:\/\/deliciouspanorama.com\/ca\/wp-json\/wp\/v2\/media?parent=24"}],"curies":[{"name":"wp","href":"https:\/\/api.w.org\/{rel}","templated":true}]}}