{"id":15,"date":"2024-10-01T11:59:12","date_gmt":"2024-10-01T11:59:12","guid":{"rendered":"https:\/\/grupovivid.es\/declaracion-de-accesibilidad\/"},"modified":"2025-07-08T11:53:13","modified_gmt":"2025-07-08T09:53:13","slug":"declaracion-de-accesibilidad","status":"publish","type":"page","link":"https:\/\/deliciouspanorama.com\/ca\/declaracion-de-accesibilidad\/","title":{"rendered":"Declaraci\u00f3 d&#039;accessibilitat"},"content":{"rendered":"<div data-elementor-type=\"wp-page\" data-elementor-id=\"15\" class=\"elementor elementor-15\" data-elementor-post-type=\"page\">\n\t\t\t\t<div class=\"elementor-element elementor-element-13fdff2 e-flex e-con-boxed e-con e-parent\" data-id=\"13fdff2\" data-element_type=\"container\" data-settings=\"{&quot;background_background&quot;:&quot;classic&quot;}\">\n\t\t\t\t\t<div class=\"e-con-inner\">\n\t\t<div class=\"elementor-element elementor-element-6752aa14 e-con-full e-flex e-con e-child\" data-id=\"6752aa14\" data-element_type=\"container\">\n\t\t\t\t<div class=\"elementor-element elementor-element-2950c6d1 elementor-widget__width-inherit elementor-widget elementor-widget-heading\" data-id=\"2950c6d1\" data-element_type=\"widget\" data-widget_type=\"heading.default\">\n\t\t\t\t<div class=\"elementor-widget-container\">\n\t\t\t\t\t<h1 class=\"elementor-heading-title elementor-size-default\">Declaraci\u00f3 d&#039;accessibilitat<\/h1>\t\t\t\t<\/div>\n\t\t\t\t<\/div>\n\t\t\t\t<\/div>\n\t\t\t\t\t<\/div>\n\t\t\t\t<\/div>\n\t\t<div class=\"elementor-element elementor-element-1f398d73 e-flex e-con-boxed e-con e-parent\" data-id=\"1f398d73\" data-element_type=\"container\">\n\t\t\t\t\t<div class=\"e-con-inner\">\n\t\t\t\t<div class=\"elementor-element elementor-element-6baeaae2 elementor-widget elementor-widget-text-editor\" data-id=\"6baeaae2\" data-element_type=\"widget\" data-widget_type=\"text-editor.default\">\n\t\t\t\t<div class=\"elementor-widget-container\">\n\t\t\t\t\t\t\t\t\t<p>Francisco i Juris amb NIF B16383267 s&#039;ha comprom\u00e8s a fer accessible el seu lloc web, de conformitat amb el Reial decret 1112\/2018, del 7 de setembre, sobre accessibilitat dels llocs web i aplicacions per a dispositius m\u00f2bils del sector p\u00fablic. Aquesta declaraci\u00f3 d\u02bbaccessibilitat s\u02bbaplica a aquesta web.<\/p><h2>Situaci\u00f3 de compliment<\/h2><p>Aquest lloc web est\u00e0 desenvolupat segons el RD 1112\/2018<\/p><h3>Preparaci\u00f3 per a la seg\u00fcent declaraci\u00f3 d&#039;accessibilitat<\/h3><p>Aquesta declaraci\u00f3 va ser preparada el 20 de maig del 2023.<\/p><p>El m\u00e8tode emprat per preparar la declaraci\u00f3 ha estat una autoavaluaci\u00f3.<\/p><h3>Contingut opcional<\/h3><p>Podeu realitzar comunicacions sobre requisits d&#039;accessibilitat (article 10.2.a del RD 1112\/2018) com:<\/p><ul><li>Informar sobre qualsevol possible incompliment per part d&#039;aquest lloc web<\/li><li>Transmetre altres dificultats d&#039;acc\u00e9s al contingut<\/li><li>Formular qualsevol altra consulta o suggeriment de millora relativa a l&#039;accessibilitat del lloc web a trav\u00e9s del\u00a0<a href=\"\/ca\/contacto\/\">formulari de contacte<\/a> d&#039;aquest lloc web oa trav\u00e9s del n\u00famero de tel\u00e8fon: <a href=\"tel:34659738108\">659738108<\/a><\/li><\/ul><p>Podeu presentar:<\/p><ul><li>Queixa relativa al compliment dels requisits del RD 1112\/2018<\/li><li>Sol\u00b7licitud d&#039;informaci\u00f3 accessible relativa a:<ul><li>Continguts que estan exclosos de l\u00e0mbit daplicaci\u00f3 del RD 1112\/2018 segons el que estableix larticle 3, apartat 4<\/li><li>Continguts que estan exempts del compliment dels requisits d&#039;accessibilitat per imposar una c\u00e0rrega desproporcionada<\/li><li>A la Sol\u00b7licitud d&#039;informaci\u00f3 accessible, cal concretar, amb tota claredat, els fets, les raons i la petici\u00f3 que permetin constatar que es tracta d&#039;una sol\u00b7licitud raonable i leg\u00edtima.<\/li><\/ul><\/li><\/ul><p>Les queixes i reclamacions sobre informaci\u00f3 accessible es realitzaran a trav\u00e9s de la seu electr\u00f2nica (<a href=\"https:\/\/sede.red.gob.es\/procedimientos\/quejas-y-sugerencias\" target=\"_blank\" rel=\"noreferrer noopener\">https:\/\/sede.red.gob.es\/procedimientos\/quejas-y-sugerencias<\/a>), i seran rebudes i tractades per l&#039;\u00e0rea de Sistemes de la Informaci\u00f3 de Red.es.<\/p><h2>Observacions i dades de contacte<\/h2><ul><li>Si voleu canviar la mida de lletra del text als principals navegadors gr\u00e0fics utilitzeu els men\u00fas seg\u00fcents:<\/li><li>Safari: Veure &gt; Fer el text m\u00e9s gran<\/li><li>Chrome: Controla la p\u00e0gina actual &gt; Mida del text<\/li><\/ul><p>Per modificar la mida de tot a la p\u00e0gina:<\/p><ul><li>Ctrl++ per augmentar-ho<\/li><li>Ctrl + \u2013 per disminuir-ho<\/li><li>Ctrl + 0 restaura la mida original del text<\/li><li>Si el que voleu \u00e9s anul\u00b7lar el full d&#039;estils o modificar el color del text, podeu consultar la p\u00e0gina How to Change Text Size o Colors de la WAI, que es pot llegir tradu\u00eft a l&#039;espanyol a Com canviar la mida del text o colors?<\/li><\/ul>\t\t\t\t\t\t\t\t<\/div>\n\t\t\t\t<\/div>\n\t\t\t\t\t<\/div>\n\t\t\t\t<\/div>\n\t\t\t\t<\/div>","protected":false},"excerpt":{"rendered":"<p>Francisco y Juris con NIF B16383267 se ha comprometido a hacer accesible su sitio web, de conformidad con el Real Decreto 1112\/2018, de 7 de septiembre, sobre accesibilidad de los sitios web y aplicaciones para dispositivos m\u00f3viles del sector p\u00fablico. Esta declaraci\u00f3n de accesibilidad se aplica a esta web. Situaci\u00f3n de cumplimiento Este sitio web [&hellip;]<\/p>","protected":false},"author":1,"featured_media":0,"parent":0,"menu_order":0,"comment_status":"closed","ping_status":"closed","template":"","meta":{"footnotes":""},"class_list":["post-15","page","type-page","status-publish","hentry"],"yoast_head":"<!-- This site is optimized with the Yoast SEO plugin v25.3.1 - https:\/\/yoast.com\/wordpress\/plugins\/seo\/ -->\n<title>Declaraci\u00f3n de accesibilidad - Delicious Panorama<\/title>\n<meta name=\"robots\" content=\"noindex, follow, max-snippet:-1, max-image-preview:large, max-video-preview:-1\" \/>\n<meta property=\"og:locale\" content=\"ca_ES\" \/>\n<meta property=\"og:type\" content=\"article\" \/>\n<meta property=\"og:title\" content=\"Declaraci\u00f3n de accesibilidad - Delicious Panorama\" \/>\n<meta property=\"og:description\" content=\"Francisco y Juris con NIF B16383267 se ha comprometido a hacer accesible su sitio web, de conformidad con el Real Decreto 1112\/2018, de 7 de septiembre, sobre accesibilidad de los sitios web y aplicaciones para dispositivos m\u00f3viles del sector p\u00fablico. Esta declaraci\u00f3n de accesibilidad se aplica a esta web. Situaci\u00f3n de cumplimiento Este sitio web [&hellip;]\" \/>\n<meta property=\"og:url\" content=\"https:\/\/deliciouspanorama.com\/ca\/declaracion-de-accesibilidad\/\" \/>\n<meta property=\"og:site_name\" content=\"Delicious Panorama\" \/>\n<meta property=\"article:modified_time\" content=\"2025-07-08T09:53:13+00:00\" \/>\n<meta name=\"twitter:card\" content=\"summary_large_image\" \/>\n<script type=\"application\/ld+json\" class=\"yoast-schema-graph\">{\"@context\":\"https:\/\/schema.org\",\"@graph\":[{\"@type\":\"WebPage\",\"@id\":\"https:\/\/deliciouspanorama.com\/declaracion-de-accesibilidad\/\",\"url\":\"https:\/\/deliciouspanorama.com\/declaracion-de-accesibilidad\/\",\"name\":\"Declaraci\u00f3n de accesibilidad - Delicious Panorama\",\"isPartOf\":{\"@id\":\"https:\/\/deliciouspanorama.com\/#website\"},\"datePublished\":\"2024-10-01T11:59:12+00:00\",\"dateModified\":\"2025-07-08T09:53:13+00:00\",\"breadcrumb\":{\"@id\":\"https:\/\/deliciouspanorama.com\/declaracion-de-accesibilidad\/#breadcrumb\"},\"inLanguage\":\"ca\",\"potentialAction\":[{\"@type\":\"ReadAction\",\"target\":[\"https:\/\/deliciouspanorama.com\/declaracion-de-accesibilidad\/\"]}]},{\"@type\":\"BreadcrumbList\",\"@id\":\"https:\/\/deliciouspanorama.com\/declaracion-de-accesibilidad\/#breadcrumb\",\"itemListElement\":[{\"@type\":\"ListItem\",\"position\":1,\"name\":\"Portada\",\"item\":\"https:\/\/deliciouspanorama.com\/\"},{\"@type\":\"ListItem\",\"position\":2,\"name\":\"Declaraci\u00f3n de accesibilidad\"}]},{\"@type\":\"WebSite\",\"@id\":\"https:\/\/deliciouspanorama.com\/#website\",\"url\":\"https:\/\/deliciouspanorama.com\/\",\"name\":\"Davinder\",\"description\":\"Delicious Panorama\",\"publisher\":{\"@id\":\"https:\/\/deliciouspanorama.com\/#organization\"},\"potentialAction\":[{\"@type\":\"SearchAction\",\"target\":{\"@type\":\"EntryPoint\",\"urlTemplate\":\"https:\/\/deliciouspanorama.com\/?s={search_term_string}\"},\"query-input\":{\"@type\":\"PropertyValueSpecification\",\"valueRequired\":true,\"valueName\":\"search_term_string\"}}],\"inLanguage\":\"ca\"},{\"@type\":\"Organization\",\"@id\":\"https:\/\/deliciouspanorama.com\/#organization\",\"name\":\"Davinder\",\"url\":\"https:\/\/deliciouspanorama.com\/\",\"logo\":{\"@type\":\"ImageObject\",\"inLanguage\":\"ca\",\"@id\":\"https:\/\/deliciouspanorama.com\/#\/schema\/logo\/image\/\",\"url\":\"https:\/\/deliciouspanorama.com\/wp-content\/uploads\/2025\/07\/cropped-DP-1-1.png\",\"contentUrl\":\"https:\/\/deliciouspanorama.com\/wp-content\/uploads\/2025\/07\/cropped-DP-1-1.png\",\"width\":197,\"height\":197,\"caption\":\"Davinder\"},\"image\":{\"@id\":\"https:\/\/deliciouspanorama.com\/#\/schema\/logo\/image\/\"}}]}<\/script>\n<!-- \/ Yoast SEO plugin. -->","yoast_head_json":{"title":"Declaraci\u00f3n de accesibilidad - Delicious Panorama","robots":{"index":"noindex","follow":"follow","max-snippet":"max-snippet:-1","max-image-preview":"max-image-preview:large","max-video-preview":"max-video-preview:-1"},"og_locale":"ca_ES","og_type":"article","og_title":"Declaraci\u00f3n de accesibilidad - Delicious Panorama","og_description":"Francisco y Juris con NIF B16383267 se ha comprometido a hacer accesible su sitio web, de conformidad con el Real Decreto 1112\/2018, de 7 de septiembre, sobre accesibilidad de los sitios web y aplicaciones para dispositivos m\u00f3viles del sector p\u00fablico. Esta declaraci\u00f3n de accesibilidad se aplica a esta web. Situaci\u00f3n de cumplimiento Este sitio web [&hellip;]","og_url":"https:\/\/deliciouspanorama.com\/ca\/declaracion-de-accesibilidad\/","og_site_name":"Delicious Panorama","article_modified_time":"2025-07-08T09:53:13+00:00","twitter_card":"summary_large_image","schema":{"@context":"https:\/\/schema.org","@graph":[{"@type":"WebPage","@id":"https:\/\/deliciouspanorama.com\/declaracion-de-accesibilidad\/","url":"https:\/\/deliciouspanorama.com\/declaracion-de-accesibilidad\/","name":"Declaraci\u00f3n de accesibilidad - Delicious Panorama","isPartOf":{"@id":"https:\/\/deliciouspanorama.com\/#website"},"datePublished":"2024-10-01T11:59:12+00:00","dateModified":"2025-07-08T09:53:13+00:00","breadcrumb":{"@id":"https:\/\/deliciouspanorama.com\/declaracion-de-accesibilidad\/#breadcrumb"},"inLanguage":"ca","potentialAction":[{"@type":"ReadAction","target":["https:\/\/deliciouspanorama.com\/declaracion-de-accesibilidad\/"]}]},{"@type":"BreadcrumbList","@id":"https:\/\/deliciouspanorama.com\/declaracion-de-accesibilidad\/#breadcrumb","itemListElement":[{"@type":"ListItem","position":1,"name":"Portada","item":"https:\/\/deliciouspanorama.com\/"},{"@type":"ListItem","position":2,"name":"Declaraci\u00f3n de accesibilidad"}]},{"@type":"WebSite","@id":"https:\/\/deliciouspanorama.com\/#website","url":"https:\/\/deliciouspanorama.com\/","name":"Davinder","description":"Delicious Panorama","publisher":{"@id":"https:\/\/deliciouspanorama.com\/#organization"},"potentialAction":[{"@type":"SearchAction","target":{"@type":"EntryPoint","urlTemplate":"https:\/\/deliciouspanorama.com\/?s={search_term_string}"},"query-input":{"@type":"PropertyValueSpecification","valueRequired":true,"valueName":"search_term_string"}}],"inLanguage":"ca"},{"@type":"Organization","@id":"https:\/\/deliciouspanorama.com\/#organization","name":"Davinder","url":"https:\/\/deliciouspanorama.com\/","logo":{"@type":"ImageObject","inLanguage":"ca","@id":"https:\/\/deliciouspanorama.com\/#\/schema\/logo\/image\/","url":"https:\/\/deliciouspanorama.com\/wp-content\/uploads\/2025\/07\/cropped-DP-1-1.png","contentUrl":"https:\/\/deliciouspanorama.com\/wp-content\/uploads\/2025\/07\/cropped-DP-1-1.png","width":197,"height":197,"caption":"Davinder"},"image":{"@id":"https:\/\/deliciouspanorama.com\/#\/schema\/logo\/image\/"}}]}},"_links":{"self":[{"href":"https:\/\/deliciouspanorama.com\/ca\/wp-json\/wp\/v2\/pages\/15","targetHints":{"allow":["GET"]}}],"collection":[{"href":"https:\/\/deliciouspanorama.com\/ca\/wp-json\/wp\/v2\/pages"}],"about":[{"href":"https:\/\/deliciouspanorama.com\/ca\/wp-json\/wp\/v2\/types\/page"}],"author":[{"embeddable":true,"href":"https:\/\/deliciouspanorama.com\/ca\/wp-json\/wp\/v2\/users\/1"}],"replies":[{"embeddable":true,"href":"https:\/\/deliciouspanorama.com\/ca\/wp-json\/wp\/v2\/comments?post=15"}],"version-history":[{"count":25,"href":"https:\/\/deliciouspanorama.com\/ca\/wp-json\/wp\/v2\/pages\/15\/revisions"}],"predecessor-version":[{"id":1819,"href":"https:\/\/deliciouspanorama.com\/ca\/wp-json\/wp\/v2\/pages\/15\/revisions\/1819"}],"wp:attachment":[{"href":"https:\/\/deliciouspanorama.com\/ca\/wp-json\/wp\/v2\/media?parent=15"}],"curies":[{"name":"wp","href":"https:\/\/api.w.org\/{rel}","templated":true}]}}